{"id":4746,"date":"2024-10-20T15:37:21","date_gmt":"2024-10-20T13:37:21","guid":{"rendered":"https:\/\/urlaub.sylt-sothebysrealty.com\/?page_id=4746"},"modified":"2025-02-24T11:24:09","modified_gmt":"2025-02-24T10:24:09","slug":"impressum","status":"publish","type":"page","link":"https:\/\/urlaub.sylt-sothebysrealty.com\/de\/impressum\/","title":{"rendered":"Impressum"},"content":{"rendered":"\t\t<div data-elementor-type=\"wp-page\" data-elementor-id=\"4746\" class=\"elementor elementor-4746\" data-elementor-post-type=\"page\">\n\t\t\t\t<div class=\"elementor-element elementor-element-1f9a441f e-con-full e-flex e-con e-parent\" data-id=\"1f9a441f\" data-element_type=\"container\" data-settings=\"{&quot;background_background&quot;:&quot;classic&quot;}\">\n\t\t\t\t<\/div>\n\t\t<div class=\"elementor-element elementor-element-14db4c3c e-flex e-con-boxed e-con e-parent\" data-id=\"14db4c3c\" data-element_type=\"container\">\n\t\t\t\t\t<div class=\"e-con-inner\">\n\t\t<div class=\"elementor-element elementor-element-27807512 e-con-full e-flex e-con e-child\" data-id=\"27807512\" data-element_type=\"container\">\n\t\t\t\t<div class=\"elementor-element elementor-element-7f9cfe8a elementor-align-left elementor-widget elementor-widget-breadcrumbs\" data-id=\"7f9cfe8a\" data-element_type=\"widget\" data-widget_type=\"breadcrumbs.default\">\n\t\t\t\t<div class=\"elementor-widget-container\">\n\t\t\t<p id=\"breadcrumbs\"><span><span><a href=\"https:\/\/urlaub.sylt-sothebysrealty.com\/de\/\">Startseite<\/a><\/span><\/span><\/p>\t\t<\/div>\n\t\t\t\t<\/div>\n\t\t\t\t<div class=\"elementor-element elementor-element-441074b2 elementor-widget elementor-widget-heading\" data-id=\"441074b2\" data-element_type=\"widget\" data-widget_type=\"heading.default\">\n\t\t\t\t<div class=\"elementor-widget-container\">\n\t\t\t<h2 class=\"elementor-heading-title elementor-size-default\">Impressum<\/h2>\t\t<\/div>\n\t\t\t\t<\/div>\n\t\t\t\t<div class=\"elementor-element elementor-element-52b0bf7f elementor-widget__width-initial elementor-widget-mobile__width-inherit text-links elementor-widget elementor-widget-text-editor\" data-id=\"52b0bf7f\" data-element_type=\"widget\" data-widget_type=\"text-editor.default\">\n\t\t\t\t<div class=\"elementor-widget-container\">\n\t\t\t\t\t\t\t<h2 class=\"imp-title\">Anbieterkennzeichnung:<\/h2><p>Sylt Sotheby\u2019s International Realty<br \/>Immobilien Team Sylt GmbH &amp; Co.KG<br \/>Keitumer Chaussee 10<br \/>25980 Sylt OT Westerland<br \/>Telefon:\u00a0<a href=\"tel:+4904651886120\">+49 (0) 4651 886 12-0<\/a><br \/>E-Mail: <a href=\"mailto:vermietung@sylt-sothebysrealty.com\">vermietung@sylt-sothebysrealty.com<\/a><\/p><h2 class=\"imp-title\">Vertreten durch:<\/h2><p>Gesch\u00e4ftsf\u00fchrerinnen: Julia Scharfe, Thorsten M\u00f6ller, Anita G\u00e4rtner<\/p><h2 class=\"imp-title\">Registereintrag:<\/h2><p>Amtsgericht Flensburg HRA 8616 FL<\/p><h4 class=\"imp-title\">Umsatzsteuer-ID:<\/h4><p>Umsatzsteuer-Identifikationsnummer gem\u00e4ss<br \/>\u00a7 27 a Umsatzsteuergesetz: DE\u00a017\/288\/29853<\/p><h2 class=\"imp-title\">Genehmigung nach \u00a7 34c GewO erteilt durch:<\/h2><p>Gemeinde Sylt<br \/>Ordnungsamt<br \/>Andreas-Nielsen-Stra\u00dfe 1<br \/>25980 Sylt\/OT Westerland<\/p><h2 class=\"imp-title\">Zust\u00e4ndige Aufsichtsbeh\u00f6rde:<\/h2><p>Zust\u00e4ndige Aufsichtsbeh\u00f6rde nach \u00a7 34c der GewO: IHK Kiel, Bergstra\u00dfe 22, 24103 Kiel, Tel: 0431-5194273,\u00a0<a href=\"http:\/\/www.ihk-schleswig-holstein.de\/\">www.ihk-schleswig-holstein.de<\/a><\/p><h2 class=\"imp-title\">Inhaltlich verantwortlich gem\u00e4\u00df \u00a7 10 Absatz 3 MDStV:<\/h2><p>Julia Scharfe, Thorsten M\u00f6ller, Anita G\u00e4rtner (Anschrift s.o.)<\/p><h2 class=\"imp-title\">Inhaltlich Verantwortlicher gem. \u00a7 55 II RStV:<\/h2><p>Julia Scharfe, Thorsten M\u00f6ller, Anita G\u00e4rtner (Anschrift s.o.)<\/p><h4>\u00a0<\/h4><h4>Allgemeine Gesch\u00e4ftsbedingungen<\/h4><p>Hier finden Sie unsere Allgemeinen Gesch\u00e4ftsbedingungen<\/p><ul><li class=\"first\"><a href=\"https:\/\/urlaub.sylt-sothebysrealty.com\/de\/agb\/\" target=\"_blank\" rel=\"noopener\">AGB Ferienvermietung<\/a>\u00a0<\/li><\/ul><h4>\u00a0<\/h4><h4>Widerrufsbelehrung<\/h4><p>Hier k\u00f6nnen Sie unsere<\/p><ul><li class=\"first last\"><a href=\"https:\/\/sylt-sir.com\/wp-content\/uploads\/2018\/04\/Widerrufsbelehrung_Sylt_Sothebys.pdf\" target=\"_blank\" rel=\"noopener\">Widerrufsbelehrung als PDF<\/a><\/li><\/ul><p>herunterladen (170kb).<\/p><h4>\u00a0<\/h4><h4>Verbraucherinformation<\/h4><p>Online-Streitbeilegung gem\u00e4\u00df Art. 14 Abs. 1 ODR-VO: Die Europ\u00e4ische Kommission stellt eine Plattform zur Online-Streitbeilegung (OS) bereit, die Sie hier finden:\u00a0<a href=\"https:\/\/ec.europa.eu\/consumers\/odr\/main\/index.cfm?event=main.home.chooseLanguage\" target=\"_blank\" rel=\"noopener\">ec.europa.eu\/consumers\/odr<\/a><\/p><h4>\u00a0<\/h4><h4>Haftungsbeschr\u00e4nkung<\/h4><p>Die Inhalte dieser Website werden mit gr\u00f6\u00dftm\u00f6glicher Sorgfalt erstellt. Der Anbieter \u00fcbernimmt jedoch keine Gew\u00e4hr f\u00fcr die Richtigkeit, Vollst\u00e4ndigkeit und Aktualit\u00e4t der bereitgestellten Inhalte. Die Nutzung der Inhalte der Website erfolgt auf eigene Gefahr des Nutzers. Namentlich gekennzeichnete Beitr\u00e4ge geben die Meinung des jeweiligen Autors und nicht immer die Meinung des Anbieters wieder. Mit der reinen Nutzung der Website des Anbieters kommt keinerlei Vertragsverh\u00e4ltnis zwischen dem Nutzer und dem Anbieter zustande.<\/p><h4>\u00a0<\/h4><h4>Externe Links<\/h4><p>Diese Website enth\u00e4lt Verkn\u00fcpfungen zu Websites Dritter (\u201eexterne Links\u201c). Diese Websites unterliegen der Haftung der jeweiligen Betreiber. Der Anbieter hat bei der erstmaligen Verkn\u00fcpfung der externen Links die fremden Inhalte daraufhin \u00fcberpr\u00fcft, ob etwaige Rechtsverst\u00f6\u00dfe bestehen. Zu dem Zeitpunkt waren keine Rechtsverst\u00f6\u00dfe ersichtlich. Der Anbieter hat keinerlei Einfluss auf die aktuelle und zuk\u00fcnftige Gestaltung und auf die Inhalte der verkn\u00fcpften Seiten. Das Setzen von externen Links bedeutet nicht, dass sich der Anbieter die hinter dem Verweis oder Link liegenden Inhalte zu Eigen macht. Eine st\u00e4ndige Kontrolle der externen Links ist f\u00fcr den Anbieter ohne konkrete Hinweise auf Rechtsverst\u00f6\u00dfe nicht zumutbar. Bei Kenntnis von Rechtsverst\u00f6\u00dfen werden jedoch derartige externe Links unverz\u00fcglich gel\u00f6scht.<\/p><h4>\u00a0<\/h4><h4>Urheber- und Leistungsschutzrechte<\/h4><p>Die auf dieser Website ver\u00f6ffentlichten Inhalte unterliegen dem deutschen Urheber- und Leistungsschutzrecht. Jede vom deutschen Urheber- und Leistungsschutzrecht nicht zugelassene Verwertung bedarf der vorherigen schriftlichen Zustimmung des Anbieters oder jeweiligen Rechteinhabers. Dies gilt insbesondere f\u00fcr Vervielf\u00e4ltigung, Bearbeitung, \u00dcbersetzung, Einspeicherung, Verarbeitung bzw. Wiedergabe von Inhalten in Datenbanken oder anderen elektronischen Medien und Systemen. Inhalte und Rechte Dritter sind dabei als solche gekennzeichnet. Die unerlaubte Vervielf\u00e4ltigung oder Weitergabe einzelner Inhalte oder kompletter Seiten ist nicht gestattet und strafbar. Lediglich die Herstellung von Kopien und Downloads f\u00fcr den pers\u00f6nlichen, privaten und nicht kommerziellen Gebrauch ist erlaubt.<\/p><p>Die Darstellung dieser Website in fremden Frames ist nur mit schriftlicher Erlaubnis zul\u00e4ssig.<\/p><p><span class=\"text-capitalize\">Die <a href=\"\/datenschutz\/\">Datenschutzerkl\u00e4rung<\/a> <\/span><\/p><p>finden Sie ausf\u00fchrlich auf der\u00a0<a href=\"\/datenschutz\/\">Datenschutzseite<\/a><\/p>\t\t\t\t\t\t<\/div>\n\t\t\t\t<\/div>\n\t\t\t\t<div class=\"elementor-element elementor-element-d88cfba elementor-widget__width-initial elementor-widget-mobile__width-inherit text-links elementor-widget elementor-widget-text-editor\" data-id=\"d88cfba\" data-element_type=\"widget\" data-widget_type=\"text-editor.default\">\n\t\t\t\t<div class=\"elementor-widget-container\">\n\t\t\t\t\t\t\t<div data-id=\"596e80f\" data-element_type=\"widget\" data-widget_type=\"heading.default\"><div><h2>Konzeption, Gestaltung &amp; Programmierung<\/h2><p><strong>Konzeption, Gestaltung &amp; Programmierung<\/strong><\/p><\/div><\/div><div data-id=\"a33ff02\" data-element_type=\"widget\" data-widget_type=\"text-editor.default\"><div><p>be-on! GmbH<br \/>Natruper Str. 24\u00a0<br \/>49076 Osnabr\u00fcck<br \/>Telefon:\u00a0<a href=\"tel:+495415079720\">+49 541 507 972 \u2013 0<\/a><br \/><a href=\"https:\/\/be-on.de\/\">be-on.de<\/a><\/p><p><strong>Design<\/strong><\/p><p>Tim&amp;Co<br \/>Tim Glashoff<br \/>Osterwiese 8<br \/>25996 Wenningstedt<br \/><a href=\"https:\/\/timandco.de\/\">timandco.de<\/a><\/p><\/div><\/div><div data-id=\"5005008\" data-element_type=\"widget\" data-widget_type=\"heading.default\"><div><p><strong>Buchungssoftware \/ PMS<\/strong><\/p><\/div><\/div><div data-id=\"06cc6d3\" data-element_type=\"widget\" data-widget_type=\"text-editor.default\"><div><p>vOffice GmbH<br \/>Untere Querstra\u00dfe 3<br \/>23730 Neustadt\/Holstein<br \/><a href=\"https:\/\/www.v-office.com\/\">v-office.com<\/a><\/p><\/div><\/div>\t\t\t\t\t\t<\/div>\n\t\t\t\t<\/div>\n\t\t\t\t<\/div>\n\t\t\t\t\t<\/div>\n\t\t\t\t<\/div>\n\t\t\t\t<\/div>\n\t\t","protected":false},"excerpt":{"rendered":"<p>Impressum Anbieterkennzeichnung: Sylt Sotheby\u2019s International RealtyImmobilien Team Sylt GmbH &amp; Co.KGKeitumer Chaussee 1025980 Sylt OT WesterlandTelefon:\u00a0+49 (0) 4651 886 12-0E-Mail: vermietung@sylt-sothebysrealty.com Vertreten durch: Gesch\u00e4ftsf\u00fchrerinnen: Julia Scharfe, Thorsten M\u00f6ller, Anita G\u00e4rtner Registereintrag: Amtsgericht Flensburg HRA 8616 FL Umsatzsteuer-ID: Umsatzsteuer-Identifikationsnummer gem\u00e4ss\u00a7 27 a Umsatzsteuergesetz: DE\u00a017\/288\/29853 Genehmigung nach \u00a7 34c GewO erteilt durch: Gemeinde SyltOrdnungsamtAndreas-Nielsen-Stra\u00dfe 125980 Sylt\/OT Westerland [&hellip;]<\/p>\n","protected":false},"author":1,"featured_media":10049,"parent":0,"menu_order":0,"comment_status":"closed","ping_status":"closed","template":"","meta":{"_acf_changed":false,"footnotes":""},"seitenart":[],"class_list":["post-4746","page","type-page","status-publish","has-post-thumbnail","hentry"],"acf":[],"yoast_head":"<!-- This site is optimized with the Yoast SEO plugin v25.4 - https:\/\/yoast.com\/wordpress\/plugins\/seo\/ -->\n<title>Impressum - Sotheby\u00b4s<\/title>\n<meta name=\"robots\" content=\"index, follow, max-snippet:-1, max-image-preview:large, max-video-preview:-1\" \/>\n<link rel=\"canonical\" href=\"https:\/\/urlaub.sylt-sothebysrealty.com\/de\/impressum\/\" \/>\n<meta property=\"og:locale\" content=\"de_DE\" \/>\n<meta property=\"og:type\" content=\"article\" \/>\n<meta property=\"og:title\" content=\"Impressum - Sotheby\u00b4s\" \/>\n<meta property=\"og:description\" content=\"Impressum Anbieterkennzeichnung: Sylt Sotheby\u2019s International RealtyImmobilien Team Sylt GmbH &amp; Co.KGKeitumer Chaussee 1025980 Sylt OT WesterlandTelefon:\u00a0+49 (0) 4651 886 12-0E-Mail: vermietung@sylt-sothebysrealty.com Vertreten durch: Gesch\u00e4ftsf\u00fchrerinnen: Julia Scharfe, Thorsten M\u00f6ller, Anita G\u00e4rtner Registereintrag: Amtsgericht Flensburg HRA 8616 FL Umsatzsteuer-ID: Umsatzsteuer-Identifikationsnummer gem\u00e4ss\u00a7 27 a Umsatzsteuergesetz: DE\u00a017\/288\/29853 Genehmigung nach \u00a7 34c GewO erteilt durch: Gemeinde SyltOrdnungsamtAndreas-Nielsen-Stra\u00dfe 125980 Sylt\/OT Westerland [&hellip;]\" \/>\n<meta property=\"og:url\" content=\"https:\/\/urlaub.sylt-sothebysrealty.com\/de\/impressum\/\" \/>\n<meta property=\"og:site_name\" content=\"Sotheby\u00b4s\" \/>\n<meta property=\"article:modified_time\" content=\"2025-02-24T10:24:09+00:00\" \/>\n<meta property=\"og:image\" content=\"https:\/\/urlaub.sylt-sothebysrealty.com\/wp-content\/uploads\/2024\/11\/Sylt.jpg\" \/>\n\t<meta property=\"og:image:width\" content=\"1798\" \/>\n\t<meta property=\"og:image:height\" content=\"1200\" \/>\n\t<meta property=\"og:image:type\" content=\"image\/jpeg\" \/>\n<meta name=\"twitter:card\" content=\"summary_large_image\" \/>\n<meta name=\"twitter:label1\" content=\"Gesch\u00e4tzte Lesezeit\" \/>\n\t<meta name=\"twitter:data1\" content=\"3\u00a0Minuten\" \/>\n<script type=\"application\/ld+json\" class=\"yoast-schema-graph\">{\"@context\":\"https:\/\/schema.org\",\"@graph\":[{\"@type\":\"WebPage\",\"@id\":\"https:\/\/urlaub.sylt-sothebysrealty.com\/de\/impressum\/\",\"url\":\"https:\/\/urlaub.sylt-sothebysrealty.com\/de\/impressum\/\",\"name\":\"Impressum - Sotheby\u00b4s\",\"isPartOf\":{\"@id\":\"https:\/\/urlaub.sylt-sothebysrealty.com\/de\/#website\"},\"primaryImageOfPage\":{\"@id\":\"https:\/\/urlaub.sylt-sothebysrealty.com\/de\/impressum\/#primaryimage\"},\"image\":{\"@id\":\"https:\/\/urlaub.sylt-sothebysrealty.com\/de\/impressum\/#primaryimage\"},\"thumbnailUrl\":\"https:\/\/urlaub.sylt-sothebysrealty.com\/wp-content\/uploads\/2024\/11\/Sylt.jpg\",\"datePublished\":\"2024-10-20T13:37:21+00:00\",\"dateModified\":\"2025-02-24T10:24:09+00:00\",\"breadcrumb\":{\"@id\":\"https:\/\/urlaub.sylt-sothebysrealty.com\/de\/impressum\/#breadcrumb\"},\"inLanguage\":\"de\",\"potentialAction\":[{\"@type\":\"ReadAction\",\"target\":[\"https:\/\/urlaub.sylt-sothebysrealty.com\/de\/impressum\/\"]}]},{\"@type\":\"ImageObject\",\"inLanguage\":\"de\",\"@id\":\"https:\/\/urlaub.sylt-sothebysrealty.com\/de\/impressum\/#primaryimage\",\"url\":\"https:\/\/urlaub.sylt-sothebysrealty.com\/wp-content\/uploads\/2024\/11\/Sylt.jpg\",\"contentUrl\":\"https:\/\/urlaub.sylt-sothebysrealty.com\/wp-content\/uploads\/2024\/11\/Sylt.jpg\",\"width\":1798,\"height\":1200,\"caption\":\"Steg in den D\u00fcnen auf Sylt\"},{\"@type\":\"BreadcrumbList\",\"@id\":\"https:\/\/urlaub.sylt-sothebysrealty.com\/de\/impressum\/#breadcrumb\",\"itemListElement\":[{\"@type\":\"ListItem\",\"position\":1,\"name\":\"Startseite\",\"item\":\"https:\/\/urlaub.sylt-sothebysrealty.com\/de\/\"},{\"@type\":\"ListItem\",\"position\":2,\"name\":\"Impressum\"}]},{\"@type\":\"WebSite\",\"@id\":\"https:\/\/urlaub.sylt-sothebysrealty.com\/de\/#website\",\"url\":\"https:\/\/urlaub.sylt-sothebysrealty.com\/de\/\",\"name\":\"Sotheby\u00b4s\",\"description\":\"\",\"publisher\":{\"@id\":\"https:\/\/urlaub.sylt-sothebysrealty.com\/de\/#organization\"},\"potentialAction\":[{\"@type\":\"SearchAction\",\"target\":{\"@type\":\"EntryPoint\",\"urlTemplate\":\"https:\/\/urlaub.sylt-sothebysrealty.com\/de\/?s={search_term_string}\"},\"query-input\":{\"@type\":\"PropertyValueSpecification\",\"valueRequired\":true,\"valueName\":\"search_term_string\"}}],\"inLanguage\":\"de\"},{\"@type\":\"Organization\",\"@id\":\"https:\/\/urlaub.sylt-sothebysrealty.com\/de\/#organization\",\"name\":\"Sotheby\u00b4s\",\"url\":\"https:\/\/urlaub.sylt-sothebysrealty.com\/de\/\",\"logo\":{\"@type\":\"ImageObject\",\"inLanguage\":\"de\",\"@id\":\"https:\/\/urlaub.sylt-sothebysrealty.com\/de\/#\/schema\/logo\/image\/\",\"url\":\"https:\/\/urlaub.sylt-sothebysrealty.com\/wp-content\/uploads\/2024\/10\/Ebene_2-1.svg\",\"contentUrl\":\"https:\/\/urlaub.sylt-sothebysrealty.com\/wp-content\/uploads\/2024\/10\/Ebene_2-1.svg\",\"caption\":\"Sotheby\u00b4s\"},\"image\":{\"@id\":\"https:\/\/urlaub.sylt-sothebysrealty.com\/de\/#\/schema\/logo\/image\/\"}}]}<\/script>\n<!-- \/ Yoast SEO plugin. -->","yoast_head_json":{"title":"Impressum - Sotheby\u00b4s","robots":{"index":"index","follow":"follow","max-snippet":"max-snippet:-1","max-image-preview":"max-image-preview:large","max-video-preview":"max-video-preview:-1"},"canonical":"https:\/\/urlaub.sylt-sothebysrealty.com\/de\/impressum\/","og_locale":"de_DE","og_type":"article","og_title":"Impressum - Sotheby\u00b4s","og_description":"Impressum Anbieterkennzeichnung: Sylt Sotheby\u2019s International RealtyImmobilien Team Sylt GmbH &amp; Co.KGKeitumer Chaussee 1025980 Sylt OT WesterlandTelefon:\u00a0+49 (0) 4651 886 12-0E-Mail: vermietung@sylt-sothebysrealty.com Vertreten durch: Gesch\u00e4ftsf\u00fchrerinnen: Julia Scharfe, Thorsten M\u00f6ller, Anita G\u00e4rtner Registereintrag: Amtsgericht Flensburg HRA 8616 FL Umsatzsteuer-ID: Umsatzsteuer-Identifikationsnummer gem\u00e4ss\u00a7 27 a Umsatzsteuergesetz: DE\u00a017\/288\/29853 Genehmigung nach \u00a7 34c GewO erteilt durch: Gemeinde SyltOrdnungsamtAndreas-Nielsen-Stra\u00dfe 125980 Sylt\/OT Westerland [&hellip;]","og_url":"https:\/\/urlaub.sylt-sothebysrealty.com\/de\/impressum\/","og_site_name":"Sotheby\u00b4s","article_modified_time":"2025-02-24T10:24:09+00:00","og_image":[{"width":1798,"height":1200,"url":"https:\/\/urlaub.sylt-sothebysrealty.com\/wp-content\/uploads\/2024\/11\/Sylt.jpg","type":"image\/jpeg"}],"twitter_card":"summary_large_image","twitter_misc":{"Gesch\u00e4tzte Lesezeit":"3\u00a0Minuten"},"schema":{"@context":"https:\/\/schema.org","@graph":[{"@type":"WebPage","@id":"https:\/\/urlaub.sylt-sothebysrealty.com\/de\/impressum\/","url":"https:\/\/urlaub.sylt-sothebysrealty.com\/de\/impressum\/","name":"Impressum - Sotheby\u00b4s","isPartOf":{"@id":"https:\/\/urlaub.sylt-sothebysrealty.com\/de\/#website"},"primaryImageOfPage":{"@id":"https:\/\/urlaub.sylt-sothebysrealty.com\/de\/impressum\/#primaryimage"},"image":{"@id":"https:\/\/urlaub.sylt-sothebysrealty.com\/de\/impressum\/#primaryimage"},"thumbnailUrl":"https:\/\/urlaub.sylt-sothebysrealty.com\/wp-content\/uploads\/2024\/11\/Sylt.jpg","datePublished":"2024-10-20T13:37:21+00:00","dateModified":"2025-02-24T10:24:09+00:00","breadcrumb":{"@id":"https:\/\/urlaub.sylt-sothebysrealty.com\/de\/impressum\/#breadcrumb"},"inLanguage":"de","potentialAction":[{"@type":"ReadAction","target":["https:\/\/urlaub.sylt-sothebysrealty.com\/de\/impressum\/"]}]},{"@type":"ImageObject","inLanguage":"de","@id":"https:\/\/urlaub.sylt-sothebysrealty.com\/de\/impressum\/#primaryimage","url":"https:\/\/urlaub.sylt-sothebysrealty.com\/wp-content\/uploads\/2024\/11\/Sylt.jpg","contentUrl":"https:\/\/urlaub.sylt-sothebysrealty.com\/wp-content\/uploads\/2024\/11\/Sylt.jpg","width":1798,"height":1200,"caption":"Steg in den D\u00fcnen auf Sylt"},{"@type":"BreadcrumbList","@id":"https:\/\/urlaub.sylt-sothebysrealty.com\/de\/impressum\/#breadcrumb","itemListElement":[{"@type":"ListItem","position":1,"name":"Startseite","item":"https:\/\/urlaub.sylt-sothebysrealty.com\/de\/"},{"@type":"ListItem","position":2,"name":"Impressum"}]},{"@type":"WebSite","@id":"https:\/\/urlaub.sylt-sothebysrealty.com\/de\/#website","url":"https:\/\/urlaub.sylt-sothebysrealty.com\/de\/","name":"Sotheby\u00b4s","description":"","publisher":{"@id":"https:\/\/urlaub.sylt-sothebysrealty.com\/de\/#organization"},"potentialAction":[{"@type":"SearchAction","target":{"@type":"EntryPoint","urlTemplate":"https:\/\/urlaub.sylt-sothebysrealty.com\/de\/?s={search_term_string}"},"query-input":{"@type":"PropertyValueSpecification","valueRequired":true,"valueName":"search_term_string"}}],"inLanguage":"de"},{"@type":"Organization","@id":"https:\/\/urlaub.sylt-sothebysrealty.com\/de\/#organization","name":"Sotheby\u00b4s","url":"https:\/\/urlaub.sylt-sothebysrealty.com\/de\/","logo":{"@type":"ImageObject","inLanguage":"de","@id":"https:\/\/urlaub.sylt-sothebysrealty.com\/de\/#\/schema\/logo\/image\/","url":"https:\/\/urlaub.sylt-sothebysrealty.com\/wp-content\/uploads\/2024\/10\/Ebene_2-1.svg","contentUrl":"https:\/\/urlaub.sylt-sothebysrealty.com\/wp-content\/uploads\/2024\/10\/Ebene_2-1.svg","caption":"Sotheby\u00b4s"},"image":{"@id":"https:\/\/urlaub.sylt-sothebysrealty.com\/de\/#\/schema\/logo\/image\/"}}]}},"_links":{"self":[{"href":"https:\/\/urlaub.sylt-sothebysrealty.com\/de\/wp-json\/wp\/v2\/pages\/4746"}],"collection":[{"href":"https:\/\/urlaub.sylt-sothebysrealty.com\/de\/wp-json\/wp\/v2\/pages"}],"about":[{"href":"https:\/\/urlaub.sylt-sothebysrealty.com\/de\/wp-json\/wp\/v2\/types\/page"}],"author":[{"embeddable":true,"href":"https:\/\/urlaub.sylt-sothebysrealty.com\/de\/wp-json\/wp\/v2\/users\/1"}],"replies":[{"embeddable":true,"href":"https:\/\/urlaub.sylt-sothebysrealty.com\/de\/wp-json\/wp\/v2\/comments?post=4746"}],"version-history":[{"count":30,"href":"https:\/\/urlaub.sylt-sothebysrealty.com\/de\/wp-json\/wp\/v2\/pages\/4746\/revisions"}],"predecessor-version":[{"id":10770,"href":"https:\/\/urlaub.sylt-sothebysrealty.com\/de\/wp-json\/wp\/v2\/pages\/4746\/revisions\/10770"}],"wp:featuredmedia":[{"embeddable":true,"href":"https:\/\/urlaub.sylt-sothebysrealty.com\/de\/wp-json\/wp\/v2\/media\/10049"}],"wp:attachment":[{"href":"https:\/\/urlaub.sylt-sothebysrealty.com\/de\/wp-json\/wp\/v2\/media?parent=4746"}],"wp:term":[{"taxonomy":"seitenart","embeddable":true,"href":"https:\/\/urlaub.sylt-sothebysrealty.com\/de\/wp-json\/wp\/v2\/seitenart?post=4746"}],"curies":[{"name":"wp","href":"https:\/\/api.w.org\/{rel}","templated":true}]}}