{"id":4748,"date":"2024-10-20T15:37:43","date_gmt":"2024-10-20T13:37:43","guid":{"rendered":"https:\/\/urlaub.sylt-sothebysrealty.com\/?page_id=4748"},"modified":"2024-11-15T16:04:58","modified_gmt":"2024-11-15T15:04:58","slug":"datenschutz","status":"publish","type":"page","link":"https:\/\/urlaub.sylt-sothebysrealty.com\/de\/datenschutz\/","title":{"rendered":"Datenschutz"},"content":{"rendered":"\t\t<div data-elementor-type=\"wp-page\" data-elementor-id=\"4748\" class=\"elementor elementor-4748\" data-elementor-post-type=\"page\">\n\t\t\t\t<div class=\"elementor-element elementor-element-28508026 e-con-full e-flex e-con e-parent\" data-id=\"28508026\" data-element_type=\"container\" data-settings=\"{&quot;background_background&quot;:&quot;classic&quot;}\">\n\t\t\t\t<\/div>\n\t\t<div class=\"elementor-element elementor-element-70a97f74 e-flex e-con-boxed e-con e-parent\" data-id=\"70a97f74\" data-element_type=\"container\">\n\t\t\t\t\t<div class=\"e-con-inner\">\n\t\t<div class=\"elementor-element elementor-element-1b2c8c69 e-con-full e-flex e-con e-child\" data-id=\"1b2c8c69\" data-element_type=\"container\">\n\t\t\t\t<div class=\"elementor-element elementor-element-d4efe7a elementor-align-left elementor-widget elementor-widget-breadcrumbs\" data-id=\"d4efe7a\" data-element_type=\"widget\" data-widget_type=\"breadcrumbs.default\">\n\t\t\t\t<div class=\"elementor-widget-container\">\n\t\t\t<p id=\"breadcrumbs\"><span><span><a href=\"https:\/\/urlaub.sylt-sothebysrealty.com\/de\/\">Startseite<\/a><\/span><\/span><\/p>\t\t<\/div>\n\t\t\t\t<\/div>\n\t\t\t\t<div class=\"elementor-element elementor-element-77c10a0b elementor-widget elementor-widget-heading\" data-id=\"77c10a0b\" data-element_type=\"widget\" data-widget_type=\"heading.default\">\n\t\t\t\t<div class=\"elementor-widget-container\">\n\t\t\t<h2 class=\"elementor-heading-title elementor-size-default\">Datenschutz<\/h2>\t\t<\/div>\n\t\t\t\t<\/div>\n\t\t\t\t<div class=\"elementor-element elementor-element-7bb534eb elementor-widget__width-initial elementor-widget-mobile__width-inherit elementor-widget elementor-widget-text-editor\" data-id=\"7bb534eb\" data-element_type=\"widget\" data-widget_type=\"text-editor.default\">\n\t\t\t\t<div class=\"elementor-widget-container\">\n\t\t\t\t\t\t\t<p>Diese Datenschutzerkl\u00e4rung wurde erstellt, um darauf hinzuweisen, dass Avantio als Betreiber dieser Seite, den Schutz Ihrer pers\u00f6nlichen Daten sehr ernst nimmt. Avantio wird Ihre pers\u00f6nlichen Angaben vetraurlich und entsprechend der gesetzlichgen Datenschutzvorschriften, sowie dieser Datenschutzerkl\u00e4rung, behandeln.<br \/>Bitte lesen Sie sorgf\u00e4ltig unsere Datenschutzerkl\u00e4rung, um ein klares Verst\u00e4dnis davon zu bekommen, wie wir Infomation sammeln, verwenden, sch\u00fctzen und Ihre personenbezogenen Daten auf unsere Website gesetzm\u00e4\u00dfig behandeln.<br \/><br \/><strong>Welche pers\u00f6nlichen Daten werden von unserer Website gespeichert?<br \/><\/strong>Wenn Sie unser Kontaktformular ausf\u00fcllen, werden Ihre Angaben inklusive der von Ihnen dort angegebenen Kontaktdaten zwecks Bearbeitung der Anfrage und f\u00fcr den Fall von Anschlussfragen bei uns archiviert. Die pers\u00f6nlichen Daten geben wir ohne Ihre Einwilligung nicht weiter.<br \/><br \/><strong>Wann speichern wir Information?<br \/><\/strong>Wir speichern Information, wenn Sie uns eine Anfrage schicken, wie zum Beispiel f\u00fcr das Abonnieren unseres Newsletter, den Gebrauch vom unserem Live-Chat-Dienst oder wenn Sie sich auf unserer Website anmelden.<br \/><br \/><strong>Wie verwenden wir Ihre Information?<br \/><\/strong>Wir k\u00f6nnen die pers\u00f6nliche Information, die wir von Ihnen erhalten haben, verwenden, wenn Sie uns eine Anfrage schicken, den Newsletter abonnieren wollen, auf eine Umfrage oder f\u00fcr die Marketing-Kommunitakion antworten, unsere Website besuchen oder f\u00fcr die folgende Zwecke:<br \/><br \/>-Um unsere Website zu verbessern und auf Sie abzustimmen<br \/>-Um die Anfragen schneller zu beantworten<br \/><br \/>Wir speichern Ihre E-Mail Adresse f\u00fcr die folgenden Zwecke:<br \/><br \/>-Information zuschicken, Anfragen beantworten und\/oder Fragen<br \/>-Zusatzinformation zu unserem Produkt und\/oder Service zuschicken, wenn Sie uns darum bitten<br \/><br \/><strong>Wie sch\u00fctzen wir Ihre pers\u00f6nlichen Informationen?<br \/><\/strong>Ihre pers\u00f6nlichen Daten werden auf gesicherten Netzwerken aufbewahrt und werden nur durch eine begrenzte Anzahl von Personen, mit speziellen Zugriffsrechten, vertraulich behandelt und gesehen.Daten Offenlegung gegen\u00fcber DrittenWir verkaufen nicht, handeln nicht oder transferieren nicht Ihre pers\u00f6nlichen Daten an dritte Personen, es sei den, wir haben Sie eindeutig vorinformiert. Dies gilt nicht f\u00fcr Website-Hosting-Partner und andere beteiligte Parteien, die uns unter anderem beim Betrieb und Wartung unserer Website und unseres Gesch\u00e4ft helfen. Es ist selbstverst\u00e4ndlich, dass diese Partner, die pers\u00f6nlichen Daten unserer Kunden vertraulich behandeln.Wir k\u00f6nnen Ihre Information freigeben, wenn wir denken, es sei notwendig um das Gesetz zu befolgen, unsere Website-Politik oder zum Schutz von unserem und\/oder anderen Rechte, Eigentum oder Sicherheit.<br \/><br \/><strong>Drittanbieter-Links<br \/><\/strong>Unsere Website beinhalten oder bieten keine Drittanbieter-Produkte oder -Dienstleistungen an.<br \/><br \/><strong>Fragen<br \/><\/strong>Sollten Sie irgendwelche Fragen zu unseren Datenschutzrichtlinien haben, kontaktieren Sie uns telefonisch oder via Kontaktformular.<br \/><br \/>Diese Datenschutzerkl\u00e4rung ist g\u00fcltig seit 2015-06-05<\/p>\t\t\t\t\t\t<\/div>\n\t\t\t\t<\/div>\n\t\t\t\t<\/div>\n\t\t\t\t\t<\/div>\n\t\t\t\t<\/div>\n\t\t\t\t<\/div>\n\t\t","protected":false},"excerpt":{"rendered":"<p>Datenschutz Diese Datenschutzerkl\u00e4rung wurde erstellt, um darauf hinzuweisen, dass Avantio als Betreiber dieser Seite, den Schutz Ihrer pers\u00f6nlichen Daten sehr ernst nimmt. Avantio wird Ihre pers\u00f6nlichen Angaben vetraurlich und entsprechend der gesetzlichgen Datenschutzvorschriften, sowie dieser Datenschutzerkl\u00e4rung, behandeln.Bitte lesen Sie sorgf\u00e4ltig unsere Datenschutzerkl\u00e4rung, um ein klares Verst\u00e4dnis davon zu bekommen, wie wir Infomation sammeln, verwenden, sch\u00fctzen [&hellip;]<\/p>\n","protected":false},"author":1,"featured_media":10049,"parent":0,"menu_order":0,"comment_status":"closed","ping_status":"closed","template":"","meta":{"_acf_changed":false,"footnotes":""},"seitenart":[],"class_list":["post-4748","page","type-page","status-publish","has-post-thumbnail","hentry"],"acf":[],"yoast_head":"<!-- This site is optimized with the Yoast SEO plugin v25.4 - https:\/\/yoast.com\/wordpress\/plugins\/seo\/ -->\n<title>Datenschutz - Sotheby\u00b4s<\/title>\n<meta name=\"robots\" content=\"index, follow, max-snippet:-1, max-image-preview:large, max-video-preview:-1\" \/>\n<link rel=\"canonical\" href=\"https:\/\/urlaub.sylt-sothebysrealty.com\/de\/datenschutz\/\" \/>\n<meta property=\"og:locale\" content=\"de_DE\" \/>\n<meta property=\"og:type\" content=\"article\" \/>\n<meta property=\"og:title\" content=\"Datenschutz - Sotheby\u00b4s\" \/>\n<meta property=\"og:description\" content=\"Datenschutz Diese Datenschutzerkl\u00e4rung wurde erstellt, um darauf hinzuweisen, dass Avantio als Betreiber dieser Seite, den Schutz Ihrer pers\u00f6nlichen Daten sehr ernst nimmt. Avantio wird Ihre pers\u00f6nlichen Angaben vetraurlich und entsprechend der gesetzlichgen Datenschutzvorschriften, sowie dieser Datenschutzerkl\u00e4rung, behandeln.Bitte lesen Sie sorgf\u00e4ltig unsere Datenschutzerkl\u00e4rung, um ein klares Verst\u00e4dnis davon zu bekommen, wie wir Infomation sammeln, verwenden, sch\u00fctzen [&hellip;]\" \/>\n<meta property=\"og:url\" content=\"https:\/\/urlaub.sylt-sothebysrealty.com\/de\/datenschutz\/\" \/>\n<meta property=\"og:site_name\" content=\"Sotheby\u00b4s\" \/>\n<meta property=\"article:modified_time\" content=\"2024-11-15T15:04:58+00:00\" \/>\n<meta property=\"og:image\" content=\"https:\/\/urlaub.sylt-sothebysrealty.com\/wp-content\/uploads\/2024\/11\/Sylt.jpg\" \/>\n\t<meta property=\"og:image:width\" content=\"1798\" \/>\n\t<meta property=\"og:image:height\" content=\"1200\" \/>\n\t<meta property=\"og:image:type\" content=\"image\/jpeg\" \/>\n<meta name=\"twitter:card\" content=\"summary_large_image\" \/>\n<meta name=\"twitter:label1\" content=\"Gesch\u00e4tzte Lesezeit\" \/>\n\t<meta name=\"twitter:data1\" content=\"3\u00a0Minuten\" \/>\n<script type=\"application\/ld+json\" class=\"yoast-schema-graph\">{\"@context\":\"https:\/\/schema.org\",\"@graph\":[{\"@type\":\"WebPage\",\"@id\":\"https:\/\/urlaub.sylt-sothebysrealty.com\/de\/datenschutz\/\",\"url\":\"https:\/\/urlaub.sylt-sothebysrealty.com\/de\/datenschutz\/\",\"name\":\"Datenschutz - Sotheby\u00b4s\",\"isPartOf\":{\"@id\":\"https:\/\/urlaub.sylt-sothebysrealty.com\/de\/#website\"},\"primaryImageOfPage\":{\"@id\":\"https:\/\/urlaub.sylt-sothebysrealty.com\/de\/datenschutz\/#primaryimage\"},\"image\":{\"@id\":\"https:\/\/urlaub.sylt-sothebysrealty.com\/de\/datenschutz\/#primaryimage\"},\"thumbnailUrl\":\"https:\/\/urlaub.sylt-sothebysrealty.com\/wp-content\/uploads\/2024\/11\/Sylt.jpg\",\"datePublished\":\"2024-10-20T13:37:43+00:00\",\"dateModified\":\"2024-11-15T15:04:58+00:00\",\"breadcrumb\":{\"@id\":\"https:\/\/urlaub.sylt-sothebysrealty.com\/de\/datenschutz\/#breadcrumb\"},\"inLanguage\":\"de\",\"potentialAction\":[{\"@type\":\"ReadAction\",\"target\":[\"https:\/\/urlaub.sylt-sothebysrealty.com\/de\/datenschutz\/\"]}]},{\"@type\":\"ImageObject\",\"inLanguage\":\"de\",\"@id\":\"https:\/\/urlaub.sylt-sothebysrealty.com\/de\/datenschutz\/#primaryimage\",\"url\":\"https:\/\/urlaub.sylt-sothebysrealty.com\/wp-content\/uploads\/2024\/11\/Sylt.jpg\",\"contentUrl\":\"https:\/\/urlaub.sylt-sothebysrealty.com\/wp-content\/uploads\/2024\/11\/Sylt.jpg\",\"width\":1798,\"height\":1200,\"caption\":\"Steg in den D\u00fcnen auf Sylt\"},{\"@type\":\"BreadcrumbList\",\"@id\":\"https:\/\/urlaub.sylt-sothebysrealty.com\/de\/datenschutz\/#breadcrumb\",\"itemListElement\":[{\"@type\":\"ListItem\",\"position\":1,\"name\":\"Startseite\",\"item\":\"https:\/\/urlaub.sylt-sothebysrealty.com\/de\/\"},{\"@type\":\"ListItem\",\"position\":2,\"name\":\"Datenschutz\"}]},{\"@type\":\"WebSite\",\"@id\":\"https:\/\/urlaub.sylt-sothebysrealty.com\/de\/#website\",\"url\":\"https:\/\/urlaub.sylt-sothebysrealty.com\/de\/\",\"name\":\"Sotheby\u00b4s\",\"description\":\"\",\"publisher\":{\"@id\":\"https:\/\/urlaub.sylt-sothebysrealty.com\/de\/#organization\"},\"potentialAction\":[{\"@type\":\"SearchAction\",\"target\":{\"@type\":\"EntryPoint\",\"urlTemplate\":\"https:\/\/urlaub.sylt-sothebysrealty.com\/de\/?s={search_term_string}\"},\"query-input\":{\"@type\":\"PropertyValueSpecification\",\"valueRequired\":true,\"valueName\":\"search_term_string\"}}],\"inLanguage\":\"de\"},{\"@type\":\"Organization\",\"@id\":\"https:\/\/urlaub.sylt-sothebysrealty.com\/de\/#organization\",\"name\":\"Sotheby\u00b4s\",\"url\":\"https:\/\/urlaub.sylt-sothebysrealty.com\/de\/\",\"logo\":{\"@type\":\"ImageObject\",\"inLanguage\":\"de\",\"@id\":\"https:\/\/urlaub.sylt-sothebysrealty.com\/de\/#\/schema\/logo\/image\/\",\"url\":\"https:\/\/urlaub.sylt-sothebysrealty.com\/wp-content\/uploads\/2024\/10\/Ebene_2-1.svg\",\"contentUrl\":\"https:\/\/urlaub.sylt-sothebysrealty.com\/wp-content\/uploads\/2024\/10\/Ebene_2-1.svg\",\"caption\":\"Sotheby\u00b4s\"},\"image\":{\"@id\":\"https:\/\/urlaub.sylt-sothebysrealty.com\/de\/#\/schema\/logo\/image\/\"}}]}<\/script>\n<!-- \/ Yoast SEO plugin. -->","yoast_head_json":{"title":"Datenschutz - Sotheby\u00b4s","robots":{"index":"index","follow":"follow","max-snippet":"max-snippet:-1","max-image-preview":"max-image-preview:large","max-video-preview":"max-video-preview:-1"},"canonical":"https:\/\/urlaub.sylt-sothebysrealty.com\/de\/datenschutz\/","og_locale":"de_DE","og_type":"article","og_title":"Datenschutz - Sotheby\u00b4s","og_description":"Datenschutz Diese Datenschutzerkl\u00e4rung wurde erstellt, um darauf hinzuweisen, dass Avantio als Betreiber dieser Seite, den Schutz Ihrer pers\u00f6nlichen Daten sehr ernst nimmt. Avantio wird Ihre pers\u00f6nlichen Angaben vetraurlich und entsprechend der gesetzlichgen Datenschutzvorschriften, sowie dieser Datenschutzerkl\u00e4rung, behandeln.Bitte lesen Sie sorgf\u00e4ltig unsere Datenschutzerkl\u00e4rung, um ein klares Verst\u00e4dnis davon zu bekommen, wie wir Infomation sammeln, verwenden, sch\u00fctzen [&hellip;]","og_url":"https:\/\/urlaub.sylt-sothebysrealty.com\/de\/datenschutz\/","og_site_name":"Sotheby\u00b4s","article_modified_time":"2024-11-15T15:04:58+00:00","og_image":[{"width":1798,"height":1200,"url":"https:\/\/urlaub.sylt-sothebysrealty.com\/wp-content\/uploads\/2024\/11\/Sylt.jpg","type":"image\/jpeg"}],"twitter_card":"summary_large_image","twitter_misc":{"Gesch\u00e4tzte Lesezeit":"3\u00a0Minuten"},"schema":{"@context":"https:\/\/schema.org","@graph":[{"@type":"WebPage","@id":"https:\/\/urlaub.sylt-sothebysrealty.com\/de\/datenschutz\/","url":"https:\/\/urlaub.sylt-sothebysrealty.com\/de\/datenschutz\/","name":"Datenschutz - Sotheby\u00b4s","isPartOf":{"@id":"https:\/\/urlaub.sylt-sothebysrealty.com\/de\/#website"},"primaryImageOfPage":{"@id":"https:\/\/urlaub.sylt-sothebysrealty.com\/de\/datenschutz\/#primaryimage"},"image":{"@id":"https:\/\/urlaub.sylt-sothebysrealty.com\/de\/datenschutz\/#primaryimage"},"thumbnailUrl":"https:\/\/urlaub.sylt-sothebysrealty.com\/wp-content\/uploads\/2024\/11\/Sylt.jpg","datePublished":"2024-10-20T13:37:43+00:00","dateModified":"2024-11-15T15:04:58+00:00","breadcrumb":{"@id":"https:\/\/urlaub.sylt-sothebysrealty.com\/de\/datenschutz\/#breadcrumb"},"inLanguage":"de","potentialAction":[{"@type":"ReadAction","target":["https:\/\/urlaub.sylt-sothebysrealty.com\/de\/datenschutz\/"]}]},{"@type":"ImageObject","inLanguage":"de","@id":"https:\/\/urlaub.sylt-sothebysrealty.com\/de\/datenschutz\/#primaryimage","url":"https:\/\/urlaub.sylt-sothebysrealty.com\/wp-content\/uploads\/2024\/11\/Sylt.jpg","contentUrl":"https:\/\/urlaub.sylt-sothebysrealty.com\/wp-content\/uploads\/2024\/11\/Sylt.jpg","width":1798,"height":1200,"caption":"Steg in den D\u00fcnen auf Sylt"},{"@type":"BreadcrumbList","@id":"https:\/\/urlaub.sylt-sothebysrealty.com\/de\/datenschutz\/#breadcrumb","itemListElement":[{"@type":"ListItem","position":1,"name":"Startseite","item":"https:\/\/urlaub.sylt-sothebysrealty.com\/de\/"},{"@type":"ListItem","position":2,"name":"Datenschutz"}]},{"@type":"WebSite","@id":"https:\/\/urlaub.sylt-sothebysrealty.com\/de\/#website","url":"https:\/\/urlaub.sylt-sothebysrealty.com\/de\/","name":"Sotheby\u00b4s","description":"","publisher":{"@id":"https:\/\/urlaub.sylt-sothebysrealty.com\/de\/#organization"},"potentialAction":[{"@type":"SearchAction","target":{"@type":"EntryPoint","urlTemplate":"https:\/\/urlaub.sylt-sothebysrealty.com\/de\/?s={search_term_string}"},"query-input":{"@type":"PropertyValueSpecification","valueRequired":true,"valueName":"search_term_string"}}],"inLanguage":"de"},{"@type":"Organization","@id":"https:\/\/urlaub.sylt-sothebysrealty.com\/de\/#organization","name":"Sotheby\u00b4s","url":"https:\/\/urlaub.sylt-sothebysrealty.com\/de\/","logo":{"@type":"ImageObject","inLanguage":"de","@id":"https:\/\/urlaub.sylt-sothebysrealty.com\/de\/#\/schema\/logo\/image\/","url":"https:\/\/urlaub.sylt-sothebysrealty.com\/wp-content\/uploads\/2024\/10\/Ebene_2-1.svg","contentUrl":"https:\/\/urlaub.sylt-sothebysrealty.com\/wp-content\/uploads\/2024\/10\/Ebene_2-1.svg","caption":"Sotheby\u00b4s"},"image":{"@id":"https:\/\/urlaub.sylt-sothebysrealty.com\/de\/#\/schema\/logo\/image\/"}}]}},"_links":{"self":[{"href":"https:\/\/urlaub.sylt-sothebysrealty.com\/de\/wp-json\/wp\/v2\/pages\/4748"}],"collection":[{"href":"https:\/\/urlaub.sylt-sothebysrealty.com\/de\/wp-json\/wp\/v2\/pages"}],"about":[{"href":"https:\/\/urlaub.sylt-sothebysrealty.com\/de\/wp-json\/wp\/v2\/types\/page"}],"author":[{"embeddable":true,"href":"https:\/\/urlaub.sylt-sothebysrealty.com\/de\/wp-json\/wp\/v2\/users\/1"}],"replies":[{"embeddable":true,"href":"https:\/\/urlaub.sylt-sothebysrealty.com\/de\/wp-json\/wp\/v2\/comments?post=4748"}],"version-history":[{"count":15,"href":"https:\/\/urlaub.sylt-sothebysrealty.com\/de\/wp-json\/wp\/v2\/pages\/4748\/revisions"}],"predecessor-version":[{"id":9185,"href":"https:\/\/urlaub.sylt-sothebysrealty.com\/de\/wp-json\/wp\/v2\/pages\/4748\/revisions\/9185"}],"wp:featuredmedia":[{"embeddable":true,"href":"https:\/\/urlaub.sylt-sothebysrealty.com\/de\/wp-json\/wp\/v2\/media\/10049"}],"wp:attachment":[{"href":"https:\/\/urlaub.sylt-sothebysrealty.com\/de\/wp-json\/wp\/v2\/media?parent=4748"}],"wp:term":[{"taxonomy":"seitenart","embeddable":true,"href":"https:\/\/urlaub.sylt-sothebysrealty.com\/de\/wp-json\/wp\/v2\/seitenart?post=4748"}],"curies":[{"name":"wp","href":"https:\/\/api.w.org\/{rel}","templated":true}]}}