{"id":4750,"date":"2024-10-20T15:38:01","date_gmt":"2024-10-20T13:38:01","guid":{"rendered":"https:\/\/urlaub.sylt-sothebysrealty.com\/?page_id=4750"},"modified":"2024-11-15T16:04:22","modified_gmt":"2024-11-15T15:04:22","slug":"agb","status":"publish","type":"page","link":"https:\/\/urlaub.sylt-sothebysrealty.com\/de\/agb\/","title":{"rendered":"AGB"},"content":{"rendered":"\t\t<div data-elementor-type=\"wp-page\" data-elementor-id=\"4750\" class=\"elementor elementor-4750\" data-elementor-post-type=\"page\">\n\t\t\t\t<div class=\"elementor-element elementor-element-d43fab2 e-con-full e-flex e-con e-parent\" data-id=\"d43fab2\" data-element_type=\"container\" data-settings=\"{&quot;background_background&quot;:&quot;classic&quot;}\">\n\t\t\t\t<\/div>\n\t\t<div class=\"elementor-element elementor-element-1febdb52 e-flex e-con-boxed e-con e-parent\" data-id=\"1febdb52\" data-element_type=\"container\">\n\t\t\t\t\t<div class=\"e-con-inner\">\n\t\t<div class=\"elementor-element elementor-element-61bf78be e-con-full e-flex e-con e-child\" data-id=\"61bf78be\" data-element_type=\"container\">\n\t\t\t\t<div class=\"elementor-element elementor-element-25030591 elementor-align-left elementor-widget elementor-widget-breadcrumbs\" data-id=\"25030591\" data-element_type=\"widget\" data-widget_type=\"breadcrumbs.default\">\n\t\t\t\t<div class=\"elementor-widget-container\">\n\t\t\t<p id=\"breadcrumbs\"><span><span><a href=\"https:\/\/urlaub.sylt-sothebysrealty.com\/de\/\">Startseite<\/a><\/span><\/span><\/p>\t\t<\/div>\n\t\t\t\t<\/div>\n\t\t\t\t<div class=\"elementor-element elementor-element-266ba628 elementor-widget elementor-widget-heading\" data-id=\"266ba628\" data-element_type=\"widget\" data-widget_type=\"heading.default\">\n\t\t\t\t<div class=\"elementor-widget-container\">\n\t\t\t<h2 class=\"elementor-heading-title elementor-size-default\">Allgemeine Gesch\u00e4ftsbedingungen (AGB)<\/h2>\t\t<\/div>\n\t\t\t\t<\/div>\n\t\t\t\t<div class=\"elementor-element elementor-element-7d80d7a0 elementor-widget__width-initial elementor-widget-mobile__width-inherit elementor-widget elementor-widget-text-editor\" data-id=\"7d80d7a0\" data-element_type=\"widget\" data-widget_type=\"text-editor.default\">\n\t\t\t\t<div class=\"elementor-widget-container\">\n\t\t\t\t\t\t\t<p>Vorbemerkungen: Bei der Buchung einer Ferienwohnung- bzw. Ferienhauses handelt es sich um einen Mietvertrag im Sinne der \u00a7\u00a7 535 BGB. S\u00e4mtliche reisevertraglichen Bestimmungen kommen daher nicht zur Anwendung, da keine Gesamtheit von Reiseleistungen angeboten wird. Wir sind ausschlie\u00dflich als Vertreter des Eigent\u00fcmers t\u00e4tig und vermitteln die Vertragsabschl\u00fcsse f\u00fcr diese.<\/p><p>1. Mietgegenstand<\/p><p>Vermietet wird das Feriendomizil entsprechend des vorstehenden Vertrages.<\/p><p>2. Zustandekommen des Mietvertrages<\/p><p>Mit dem rechtzeitigen Eingang der Anzahlung entsprechend der Angaben auf der Rechnung gilt die Buchung f\u00fcr beide Seiten als verbindlich.<\/p><p>3. An- \/ Abreise<\/p><p>Das Feriendomizil steht am Anreisetag ab 17:00 Uhr f\u00fcr Sie zur Verf\u00fcgung. Am Abreisetag ist das Feriendomizil bis 10:00 Uhr zu verlassen.<\/p><p>4. Kurabgaben<\/p><p>Auf Sylt besteht die Pflicht zur Zahlung einer Kurabgabe. Die Kurkarten liegen am Tag der Anreise in der Wohnung f\u00fcr die Mieter bereit. Die Gemeinden auf Sylt erheben je nach Saison eine Geb\u00fchr pro Tag pro Person. Kinder bis 18 Jahre sind frei. \u00a0<\/p><p>5. Sorgfaltspflichten<\/p><p>Die Mieter haben die Mietr\u00e4umlichkeiten und die Einrichtungsgegenst\u00e4nde pfleglich zu behandeln. Schuldhaft verursachte Sch\u00e4den haben die Mieter zu ersetzen. Die Mieter sind verpflichtet, bei Bezug der R\u00e4umlichkeiten, die Einrichtung auf ihre Vollst\u00e4ndigkeit und ihre Gebrauchstauglichkeit hin zu \u00fcberpr\u00fcfen und Beanstandungen unverz\u00fcglich gegen\u00fcber dem Vermieter geltend zu machen. W\u00e4hrend der Mietzeit eintretende Sch\u00e4den haben die Mieter ebenfalls unverz\u00fcglich zu melden. Kommen die Mieter diesen Pflichten nicht nach, steht ihnen eine Mietminderung wegen dieser zu beanstanden Punkte nicht zu.<\/p><p>Bei Abreise haben die Mieter das Feriendomizil besenrein und in einem ordnungsgem\u00e4\u00dfen Zustand zu verlassen (M\u00fcll beseitigt, Fenster &amp; T\u00fcren geschlossen, Geschirr abgewaschen, Flaschen entsorgt etc.). Sollten die Mieter dieser Pflicht nicht nachkommen, kann den Mietern der zus\u00e4tzliche Aufwand in Rechnung gestellt werden.<\/p><p>6. H\u00f6here Gewalt u.a.<\/p><p>Vom Vermieter nicht zu vertretende Umst\u00e4nde, wie z.B. Wasser-, Sturm- und Brandsch\u00e4den, befreien den Vermieter von der Leistungspflicht.<\/p><p>7. Haustiere und Rauchverbot<\/p><p>Bitte beachten, Sie dass das Rauchen in dem Feriendomizil nicht gestattet ist. Das Mitbringen von Haustieren ist nur nach vorheriger Ank\u00fcndigung und in ausgew\u00e4hlten Domizilen m\u00f6glich.<\/p><p>8. Kinder<\/p><p>Reisen die Mieter mit Kindern an, weisen die Vermieter darauf hin, dass sich in dem Feriendomizil Treppen befinden k\u00f6nnen. Die Mieter haben auf Ihre Kinder zu achten, die Vermieter \u00fcbernehmen keine Haftung f\u00fcr eventuelle Unf\u00e4lle.<\/p><p>9. Stellplatz<\/p><p>Sollten Sie ein Feriendomizil mit Stellplatz gemietet haben, steht Ihnen dieser w\u00e4hrend Ihres Aufenthaltes allein zur Verf\u00fcgung. Der Mieter ist verpflichtet \u2013 sollte er auf dem Grundst\u00fcck parken \u2013 ausschlie\u00dflich diesen Stellplatz zu nutzen. (Alle anderen Stellpl\u00e4tze sind entsprechend anderen Wohnungen zugeordnet).\u00a0Das Laden von Elektrofahrzeugen \u00fcber regul\u00e4re Haushaltssteckdosen ist aus Sicherheitsgr\u00fcnden untersagt. Bitte nutzen Sie ausschlie\u00dflich die daf\u00fcr vorgesehenen Ladestationen bzw. Wallboxen, die speziell f\u00fcr das Laden von Elektrofahrzeugen ausgestattet sind. Bei Zuwiderhandlung behalten wir uns das Recht vor, entstandene Sch\u00e4den oder zus\u00e4tzliche Kosten in Rechnung zu stellen.<\/p><p>10. R\u00fccktritt<\/p><p>Die Mieter werden von der Entrichtung des Mietzinses nicht dadurch befreit, dass sie durch einen in ihrer Person liegenden Grund (z.B. Erkrankung) an der Aus\u00fcbung des ihnen zustehenden Gebrauchsrechts verhindert werden. Sollte der Mieter die Reise bis 60 Tage vor Anreise stornieren, kann der Mieter gegen die Servicegeb\u00fchr kostenfrei stornieren. Storniert der Mieter die Reise danach, ist der volle Mietpreis (ausgenommen Extras und Dienstleistungen) zu zahlen.<\/p><p>11. Zahlungsweise<\/p><p>Der Mieter hat innerhalb von 5 Tagen nach Abschluss des Mietvertrages die geforderte Anzahlung zu leisten. Der Restbetrag inkl. der Kurabgaben muss sp\u00e4testens 21\u00a0Tage vor Mietbeginn beim Vermieter eingegangen sein. Der Vermieter beh\u00e4lt sich vor, im Falle nicht rechtzeitiger Zahlungen vom Mietvertrag zur\u00fcckzutreten und eine Entsch\u00e4digung geltend zu machen.<\/p><p>12. Schl\u00fcssel<\/p><p>Einige Tage vor Anreise erhalten die Mieter eine Anreiseemail mit genauen Hinweisen zur Schl\u00fcssel\u00fcbergabe. Diese erfolgt abh\u00e4ngig vom gebuchten Feriendomizil direkt vor Ort oder am B\u00fcro in einem Schl\u00fcsselkasten.<\/p><p>13. Telefon und Internet<\/p><p>Der Mieter \u00fcbernimmt die Verantwortung und Haftung f\u00fcr die Nutzung eines bereitgestellten Telefon \u2013 und Internetanschlusses w\u00e4hrend der Dauer des Mietverh\u00e4ltnisses. Telefon und Internetzugang d\u00fcrfen nur in der Form verwendet werden, dass keine Forderungen Dritter an den Anschlu\u00dfinhaber entstehen und keine Gesetze verletzt werden. Der Mieter stimmt zu, dass bei Zuwiderhandlungen der Vermieter berechtigt ist, die Kontaktdaten des Mieters an den Anspruchsteller weiterzuleiten. Der bereitgestellte WLAN-Schl\u00fcssel ist vertraulich zu behandeln.<\/p><p>14. Schriftform<\/p><p>\u00c4nderungen und Erg\u00e4nzungen bed\u00fcrfen der Schriftform. Dies gilt auch f\u00fcr \u00c4nderungen des vorstehenden Satzes.<\/p><p>15. Salvatorische Klausel<\/p><p>Sollten einzelne Bestimmungen ganz oder teilweise unwirksam sein oder werden oder sollte sich eine L\u00fccke befinden, so soll hierdurch die G\u00fcltigkeit der \u00fcbrigen Bestimmungen nicht ber\u00fchrt werden.<\/p>\t\t\t\t\t\t<\/div>\n\t\t\t\t<\/div>\n\t\t\t\t<\/div>\n\t\t\t\t\t<\/div>\n\t\t\t\t<\/div>\n\t\t\t\t<\/div>\n\t\t","protected":false},"excerpt":{"rendered":"<p>Allgemeine Gesch\u00e4ftsbedingungen (AGB) Vorbemerkungen: Bei der Buchung einer Ferienwohnung- bzw. Ferienhauses handelt es sich um einen Mietvertrag im Sinne der \u00a7\u00a7 535 BGB. S\u00e4mtliche reisevertraglichen Bestimmungen kommen daher nicht zur Anwendung, da keine Gesamtheit von Reiseleistungen angeboten wird. Wir sind ausschlie\u00dflich als Vertreter des Eigent\u00fcmers t\u00e4tig und vermitteln die Vertragsabschl\u00fcsse f\u00fcr diese. 1. Mietgegenstand Vermietet [&hellip;]<\/p>\n","protected":false},"author":1,"featured_media":10049,"parent":0,"menu_order":0,"comment_status":"closed","ping_status":"closed","template":"","meta":{"_acf_changed":false,"footnotes":""},"seitenart":[],"class_list":["post-4750","page","type-page","status-publish","has-post-thumbnail","hentry"],"acf":[],"yoast_head":"<!-- This site is optimized with the Yoast SEO plugin v25.4 - https:\/\/yoast.com\/wordpress\/plugins\/seo\/ -->\n<title>AGB - Sotheby\u00b4s<\/title>\n<meta name=\"robots\" content=\"index, follow, max-snippet:-1, max-image-preview:large, max-video-preview:-1\" \/>\n<link rel=\"canonical\" href=\"https:\/\/urlaub.sylt-sothebysrealty.com\/de\/agb\/\" \/>\n<meta property=\"og:locale\" content=\"de_DE\" \/>\n<meta property=\"og:type\" content=\"article\" \/>\n<meta property=\"og:title\" content=\"AGB - Sotheby\u00b4s\" \/>\n<meta property=\"og:description\" content=\"Allgemeine Gesch\u00e4ftsbedingungen (AGB) Vorbemerkungen: Bei der Buchung einer Ferienwohnung- bzw. Ferienhauses handelt es sich um einen Mietvertrag im Sinne der \u00a7\u00a7 535 BGB. S\u00e4mtliche reisevertraglichen Bestimmungen kommen daher nicht zur Anwendung, da keine Gesamtheit von Reiseleistungen angeboten wird. Wir sind ausschlie\u00dflich als Vertreter des Eigent\u00fcmers t\u00e4tig und vermitteln die Vertragsabschl\u00fcsse f\u00fcr diese. 1. Mietgegenstand Vermietet [&hellip;]\" \/>\n<meta property=\"og:url\" content=\"https:\/\/urlaub.sylt-sothebysrealty.com\/de\/agb\/\" \/>\n<meta property=\"og:site_name\" content=\"Sotheby\u00b4s\" \/>\n<meta property=\"article:modified_time\" content=\"2024-11-15T15:04:22+00:00\" \/>\n<meta property=\"og:image\" content=\"https:\/\/urlaub.sylt-sothebysrealty.com\/wp-content\/uploads\/2024\/11\/Sylt.jpg\" \/>\n\t<meta property=\"og:image:width\" content=\"1798\" \/>\n\t<meta property=\"og:image:height\" content=\"1200\" \/>\n\t<meta property=\"og:image:type\" content=\"image\/jpeg\" \/>\n<meta name=\"twitter:card\" content=\"summary_large_image\" \/>\n<meta name=\"twitter:label1\" content=\"Gesch\u00e4tzte Lesezeit\" \/>\n\t<meta name=\"twitter:data1\" content=\"5\u00a0Minuten\" \/>\n<script type=\"application\/ld+json\" class=\"yoast-schema-graph\">{\"@context\":\"https:\/\/schema.org\",\"@graph\":[{\"@type\":\"WebPage\",\"@id\":\"https:\/\/urlaub.sylt-sothebysrealty.com\/de\/agb\/\",\"url\":\"https:\/\/urlaub.sylt-sothebysrealty.com\/de\/agb\/\",\"name\":\"AGB - Sotheby\u00b4s\",\"isPartOf\":{\"@id\":\"https:\/\/urlaub.sylt-sothebysrealty.com\/de\/#website\"},\"primaryImageOfPage\":{\"@id\":\"https:\/\/urlaub.sylt-sothebysrealty.com\/de\/agb\/#primaryimage\"},\"image\":{\"@id\":\"https:\/\/urlaub.sylt-sothebysrealty.com\/de\/agb\/#primaryimage\"},\"thumbnailUrl\":\"https:\/\/urlaub.sylt-sothebysrealty.com\/wp-content\/uploads\/2024\/11\/Sylt.jpg\",\"datePublished\":\"2024-10-20T13:38:01+00:00\",\"dateModified\":\"2024-11-15T15:04:22+00:00\",\"breadcrumb\":{\"@id\":\"https:\/\/urlaub.sylt-sothebysrealty.com\/de\/agb\/#breadcrumb\"},\"inLanguage\":\"de\",\"potentialAction\":[{\"@type\":\"ReadAction\",\"target\":[\"https:\/\/urlaub.sylt-sothebysrealty.com\/de\/agb\/\"]}]},{\"@type\":\"ImageObject\",\"inLanguage\":\"de\",\"@id\":\"https:\/\/urlaub.sylt-sothebysrealty.com\/de\/agb\/#primaryimage\",\"url\":\"https:\/\/urlaub.sylt-sothebysrealty.com\/wp-content\/uploads\/2024\/11\/Sylt.jpg\",\"contentUrl\":\"https:\/\/urlaub.sylt-sothebysrealty.com\/wp-content\/uploads\/2024\/11\/Sylt.jpg\",\"width\":1798,\"height\":1200,\"caption\":\"Steg in den D\u00fcnen auf Sylt\"},{\"@type\":\"BreadcrumbList\",\"@id\":\"https:\/\/urlaub.sylt-sothebysrealty.com\/de\/agb\/#breadcrumb\",\"itemListElement\":[{\"@type\":\"ListItem\",\"position\":1,\"name\":\"Startseite\",\"item\":\"https:\/\/urlaub.sylt-sothebysrealty.com\/de\/\"},{\"@type\":\"ListItem\",\"position\":2,\"name\":\"AGB\"}]},{\"@type\":\"WebSite\",\"@id\":\"https:\/\/urlaub.sylt-sothebysrealty.com\/de\/#website\",\"url\":\"https:\/\/urlaub.sylt-sothebysrealty.com\/de\/\",\"name\":\"Sotheby\u00b4s\",\"description\":\"\",\"publisher\":{\"@id\":\"https:\/\/urlaub.sylt-sothebysrealty.com\/de\/#organization\"},\"potentialAction\":[{\"@type\":\"SearchAction\",\"target\":{\"@type\":\"EntryPoint\",\"urlTemplate\":\"https:\/\/urlaub.sylt-sothebysrealty.com\/de\/?s={search_term_string}\"},\"query-input\":{\"@type\":\"PropertyValueSpecification\",\"valueRequired\":true,\"valueName\":\"search_term_string\"}}],\"inLanguage\":\"de\"},{\"@type\":\"Organization\",\"@id\":\"https:\/\/urlaub.sylt-sothebysrealty.com\/de\/#organization\",\"name\":\"Sotheby\u00b4s\",\"url\":\"https:\/\/urlaub.sylt-sothebysrealty.com\/de\/\",\"logo\":{\"@type\":\"ImageObject\",\"inLanguage\":\"de\",\"@id\":\"https:\/\/urlaub.sylt-sothebysrealty.com\/de\/#\/schema\/logo\/image\/\",\"url\":\"https:\/\/urlaub.sylt-sothebysrealty.com\/wp-content\/uploads\/2024\/10\/Ebene_2-1.svg\",\"contentUrl\":\"https:\/\/urlaub.sylt-sothebysrealty.com\/wp-content\/uploads\/2024\/10\/Ebene_2-1.svg\",\"caption\":\"Sotheby\u00b4s\"},\"image\":{\"@id\":\"https:\/\/urlaub.sylt-sothebysrealty.com\/de\/#\/schema\/logo\/image\/\"}}]}<\/script>\n<!-- \/ Yoast SEO plugin. -->","yoast_head_json":{"title":"AGB - Sotheby\u00b4s","robots":{"index":"index","follow":"follow","max-snippet":"max-snippet:-1","max-image-preview":"max-image-preview:large","max-video-preview":"max-video-preview:-1"},"canonical":"https:\/\/urlaub.sylt-sothebysrealty.com\/de\/agb\/","og_locale":"de_DE","og_type":"article","og_title":"AGB - Sotheby\u00b4s","og_description":"Allgemeine Gesch\u00e4ftsbedingungen (AGB) Vorbemerkungen: Bei der Buchung einer Ferienwohnung- bzw. Ferienhauses handelt es sich um einen Mietvertrag im Sinne der \u00a7\u00a7 535 BGB. S\u00e4mtliche reisevertraglichen Bestimmungen kommen daher nicht zur Anwendung, da keine Gesamtheit von Reiseleistungen angeboten wird. Wir sind ausschlie\u00dflich als Vertreter des Eigent\u00fcmers t\u00e4tig und vermitteln die Vertragsabschl\u00fcsse f\u00fcr diese. 1. Mietgegenstand Vermietet [&hellip;]","og_url":"https:\/\/urlaub.sylt-sothebysrealty.com\/de\/agb\/","og_site_name":"Sotheby\u00b4s","article_modified_time":"2024-11-15T15:04:22+00:00","og_image":[{"width":1798,"height":1200,"url":"https:\/\/urlaub.sylt-sothebysrealty.com\/wp-content\/uploads\/2024\/11\/Sylt.jpg","type":"image\/jpeg"}],"twitter_card":"summary_large_image","twitter_misc":{"Gesch\u00e4tzte Lesezeit":"5\u00a0Minuten"},"schema":{"@context":"https:\/\/schema.org","@graph":[{"@type":"WebPage","@id":"https:\/\/urlaub.sylt-sothebysrealty.com\/de\/agb\/","url":"https:\/\/urlaub.sylt-sothebysrealty.com\/de\/agb\/","name":"AGB - Sotheby\u00b4s","isPartOf":{"@id":"https:\/\/urlaub.sylt-sothebysrealty.com\/de\/#website"},"primaryImageOfPage":{"@id":"https:\/\/urlaub.sylt-sothebysrealty.com\/de\/agb\/#primaryimage"},"image":{"@id":"https:\/\/urlaub.sylt-sothebysrealty.com\/de\/agb\/#primaryimage"},"thumbnailUrl":"https:\/\/urlaub.sylt-sothebysrealty.com\/wp-content\/uploads\/2024\/11\/Sylt.jpg","datePublished":"2024-10-20T13:38:01+00:00","dateModified":"2024-11-15T15:04:22+00:00","breadcrumb":{"@id":"https:\/\/urlaub.sylt-sothebysrealty.com\/de\/agb\/#breadcrumb"},"inLanguage":"de","potentialAction":[{"@type":"ReadAction","target":["https:\/\/urlaub.sylt-sothebysrealty.com\/de\/agb\/"]}]},{"@type":"ImageObject","inLanguage":"de","@id":"https:\/\/urlaub.sylt-sothebysrealty.com\/de\/agb\/#primaryimage","url":"https:\/\/urlaub.sylt-sothebysrealty.com\/wp-content\/uploads\/2024\/11\/Sylt.jpg","contentUrl":"https:\/\/urlaub.sylt-sothebysrealty.com\/wp-content\/uploads\/2024\/11\/Sylt.jpg","width":1798,"height":1200,"caption":"Steg in den D\u00fcnen auf Sylt"},{"@type":"BreadcrumbList","@id":"https:\/\/urlaub.sylt-sothebysrealty.com\/de\/agb\/#breadcrumb","itemListElement":[{"@type":"ListItem","position":1,"name":"Startseite","item":"https:\/\/urlaub.sylt-sothebysrealty.com\/de\/"},{"@type":"ListItem","position":2,"name":"AGB"}]},{"@type":"WebSite","@id":"https:\/\/urlaub.sylt-sothebysrealty.com\/de\/#website","url":"https:\/\/urlaub.sylt-sothebysrealty.com\/de\/","name":"Sotheby\u00b4s","description":"","publisher":{"@id":"https:\/\/urlaub.sylt-sothebysrealty.com\/de\/#organization"},"potentialAction":[{"@type":"SearchAction","target":{"@type":"EntryPoint","urlTemplate":"https:\/\/urlaub.sylt-sothebysrealty.com\/de\/?s={search_term_string}"},"query-input":{"@type":"PropertyValueSpecification","valueRequired":true,"valueName":"search_term_string"}}],"inLanguage":"de"},{"@type":"Organization","@id":"https:\/\/urlaub.sylt-sothebysrealty.com\/de\/#organization","name":"Sotheby\u00b4s","url":"https:\/\/urlaub.sylt-sothebysrealty.com\/de\/","logo":{"@type":"ImageObject","inLanguage":"de","@id":"https:\/\/urlaub.sylt-sothebysrealty.com\/de\/#\/schema\/logo\/image\/","url":"https:\/\/urlaub.sylt-sothebysrealty.com\/wp-content\/uploads\/2024\/10\/Ebene_2-1.svg","contentUrl":"https:\/\/urlaub.sylt-sothebysrealty.com\/wp-content\/uploads\/2024\/10\/Ebene_2-1.svg","caption":"Sotheby\u00b4s"},"image":{"@id":"https:\/\/urlaub.sylt-sothebysrealty.com\/de\/#\/schema\/logo\/image\/"}}]}},"_links":{"self":[{"href":"https:\/\/urlaub.sylt-sothebysrealty.com\/de\/wp-json\/wp\/v2\/pages\/4750"}],"collection":[{"href":"https:\/\/urlaub.sylt-sothebysrealty.com\/de\/wp-json\/wp\/v2\/pages"}],"about":[{"href":"https:\/\/urlaub.sylt-sothebysrealty.com\/de\/wp-json\/wp\/v2\/types\/page"}],"author":[{"embeddable":true,"href":"https:\/\/urlaub.sylt-sothebysrealty.com\/de\/wp-json\/wp\/v2\/users\/1"}],"replies":[{"embeddable":true,"href":"https:\/\/urlaub.sylt-sothebysrealty.com\/de\/wp-json\/wp\/v2\/comments?post=4750"}],"version-history":[{"count":16,"href":"https:\/\/urlaub.sylt-sothebysrealty.com\/de\/wp-json\/wp\/v2\/pages\/4750\/revisions"}],"predecessor-version":[{"id":9189,"href":"https:\/\/urlaub.sylt-sothebysrealty.com\/de\/wp-json\/wp\/v2\/pages\/4750\/revisions\/9189"}],"wp:featuredmedia":[{"embeddable":true,"href":"https:\/\/urlaub.sylt-sothebysrealty.com\/de\/wp-json\/wp\/v2\/media\/10049"}],"wp:attachment":[{"href":"https:\/\/urlaub.sylt-sothebysrealty.com\/de\/wp-json\/wp\/v2\/media?parent=4750"}],"wp:term":[{"taxonomy":"seitenart","embeddable":true,"href":"https:\/\/urlaub.sylt-sothebysrealty.com\/de\/wp-json\/wp\/v2\/seitenart?post=4750"}],"curies":[{"name":"wp","href":"https:\/\/api.w.org\/{rel}","templated":true}]}}