{"id":5740,"date":"2024-11-03T14:22:13","date_gmt":"2024-11-03T13:22:13","guid":{"rendered":"https:\/\/urlaub.sylt-sothebysrealty.com\/?page_id=5740"},"modified":"2024-11-15T16:07:10","modified_gmt":"2024-11-15T15:07:10","slug":"check-in-check-out","status":"publish","type":"page","link":"https:\/\/urlaub.sylt-sothebysrealty.com\/de\/service\/check-in-check-out\/","title":{"rendered":"Check-In\/ Check-Out"},"content":{"rendered":"\t\t<div data-elementor-type=\"wp-page\" data-elementor-id=\"5740\" class=\"elementor elementor-5740\" data-elementor-post-type=\"page\">\n\t\t\t\t<div class=\"elementor-element elementor-element-d821666 e-con-full e-flex e-con e-parent\" data-id=\"d821666\" data-element_type=\"container\">\n\t\t\t\t<div class=\"elementor-element elementor-element-09e46a3 elementor-widget elementor-widget-template\" data-id=\"09e46a3\" data-element_type=\"widget\" data-widget_type=\"template.default\">\n\t\t\t\t<div class=\"elementor-widget-container\">\n\t\t\t\t\t<div class=\"elementor-template\">\n\t\t\t\t\t<div data-elementor-type=\"container\" data-elementor-id=\"7045\" class=\"elementor elementor-7045\" data-elementor-post-type=\"elementor_library\">\n\t\t\t\t<div class=\"elementor-element elementor-element-df63c4f e-con-full e-flex e-con e-parent\" data-id=\"df63c4f\" data-element_type=\"container\" data-settings=\"{&quot;background_background&quot;:&quot;classic&quot;}\">\n\t\t<div class=\"elementor-element elementor-element-8e4cf12 e-flex e-con-boxed e-con e-child\" data-id=\"8e4cf12\" data-element_type=\"container\">\n\t\t\t\t\t<div class=\"e-con-inner\">\n\t\t\t\t<div class=\"elementor-element elementor-element-58bd56e elementor-widget elementor-widget-heading\" data-id=\"58bd56e\" data-element_type=\"widget\" data-widget_type=\"heading.default\">\n\t\t\t\t<div class=\"elementor-widget-container\">\n\t\t\t<h1 class=\"elementor-heading-title elementor-size-default\">Check-In\/ Check-Out<\/h1>\t\t<\/div>\n\t\t\t\t<\/div>\n\t\t\t\t\t<\/div>\n\t\t\t\t<\/div>\n\t\t\t\t<\/div>\n\t\t\t\t<\/div>\n\t\t\t\t<\/div>\n\t\t\t\t<\/div>\n\t\t\t\t<\/div>\n\t\t\t\t<\/div>\n\t\t<div class=\"elementor-element elementor-element-ea139de e-flex e-con-boxed e-con e-parent\" data-id=\"ea139de\" data-element_type=\"container\">\n\t\t\t\t\t<div class=\"e-con-inner\">\n\t\t<div class=\"elementor-element elementor-element-0219855 e-con-full e-flex e-con e-child\" data-id=\"0219855\" data-element_type=\"container\">\n\t\t\t\t<div class=\"elementor-element elementor-element-b82f4aa elementor-align-left elementor-widget elementor-widget-breadcrumbs\" data-id=\"b82f4aa\" data-element_type=\"widget\" data-widget_type=\"breadcrumbs.default\">\n\t\t\t\t<div class=\"elementor-widget-container\">\n\t\t\t<p id=\"breadcrumbs\"><span><span><a href=\"https:\/\/urlaub.sylt-sothebysrealty.com\/de\/\">Startseite<\/a><\/span><\/span><\/p>\t\t<\/div>\n\t\t\t\t<\/div>\n\t\t\t\t<div class=\"elementor-element elementor-element-4643a5f elementor-widget__width-initial elementor-widget elementor-widget-heading\" data-id=\"4643a5f\" data-element_type=\"widget\" data-widget_type=\"heading.default\">\n\t\t\t\t<div class=\"elementor-widget-container\">\n\t\t\t<h2 class=\"elementor-heading-title elementor-size-default\">Willkommen auf Sylt.<\/h2>\t\t<\/div>\n\t\t\t\t<\/div>\n\t\t\t\t<\/div>\n\t\t\t\t\t<\/div>\n\t\t\t\t<\/div>\n\t\t<div class=\"elementor-element elementor-element-06ae554 e-flex e-con-boxed e-con e-parent\" data-id=\"06ae554\" data-element_type=\"container\">\n\t\t\t\t\t<div class=\"e-con-inner\">\n\t\t<div class=\"elementor-element elementor-element-4158b14 e-con-full e-flex e-con e-child\" data-id=\"4158b14\" data-element_type=\"container\">\n\t\t\t\t<div class=\"elementor-element elementor-element-7faa9c7 elementor-widget elementor-widget-image\" data-id=\"7faa9c7\" data-element_type=\"widget\" data-widget_type=\"image.default\">\n\t\t\t\t<div class=\"elementor-widget-container\">\n\t\t\t\t\t\t\t\t\t\t\t\t\t<img fetchpriority=\"high\" decoding=\"async\" width=\"1766\" height=\"687\" src=\"https:\/\/urlaub.sylt-sothebysrealty.com\/wp-content\/uploads\/2024\/11\/FRS_Faehre.jpg\" class=\"attachment-large size-large wp-image-8813\" alt=\"FRS F\u00e4hre\" srcset=\"https:\/\/urlaub.sylt-sothebysrealty.com\/wp-content\/uploads\/2024\/11\/FRS_Faehre.jpg 1766w, https:\/\/urlaub.sylt-sothebysrealty.com\/wp-content\/uploads\/2024\/11\/FRS_Faehre-768x299.jpg 768w, https:\/\/urlaub.sylt-sothebysrealty.com\/wp-content\/uploads\/2024\/11\/FRS_Faehre-1536x598.jpg 1536w\" sizes=\"(max-width: 1766px) 100vw, 1766px\" \/>\t\t\t\t\t\t\t\t\t\t\t\t\t<\/div>\n\t\t\t\t<\/div>\n\t\t<div class=\"elementor-element elementor-element-991ed14 e-con-full e-flex e-con e-child\" data-id=\"991ed14\" data-element_type=\"container\">\n\t\t\t\t<div class=\"elementor-element elementor-element-f77c4c2 elementor-widget elementor-widget-heading\" data-id=\"f77c4c2\" data-element_type=\"widget\" data-widget_type=\"heading.default\">\n\t\t\t\t<div class=\"elementor-widget-container\">\n\t\t\t<h3 class=\"elementor-heading-title elementor-size-default\">Ihre unkomplizierte An- und Abreise<\/h3>\t\t<\/div>\n\t\t\t\t<\/div>\n\t\t\t\t<div class=\"elementor-element elementor-element-3d46aaa elementor-widget elementor-widget-html\" data-id=\"3d46aaa\" data-element_type=\"widget\" data-widget_type=\"html.default\">\n\t\t\t\t<div class=\"elementor-widget-container\">\n\t\t\t<div class=\"horizontal-line-thin\"><\/div>\t\t<\/div>\n\t\t\t\t<\/div>\n\t\t\t\t<div class=\"elementor-element elementor-element-01bbc19 elementor-widget__width-initial elementor-widget elementor-widget-text-editor\" data-id=\"01bbc19\" data-element_type=\"widget\" data-widget_type=\"text-editor.default\">\n\t\t\t\t<div class=\"elementor-widget-container\">\n\t\t\t\t\t\t\t<p data-renderer-start-pos=\"23\">Uns liegt es am Herzen Ihren Urlaubsstart so angenehm wie m\u00f6glich zu gestalten, deswegen verlaufen Check-In und Check-Out bei uns sehr unkompliziert. Sie haben mehrere M\u00f6glichkeiten Ihren Schl\u00fcssel zu erhalten: Entweder hinterlegen wir diesen im Sotheby\u2019s B\u00fcro im Schl\u00fcsselkasten oder direkt am Objekt. Somit garantieren wir Ihnen, dass eine An- und Abreise rund um die Uhr m\u00f6glich ist. Denn wer wei\u00df, manchmal spielt die Zeit verr\u00fcckt, der Restaurantbesuch dauert l\u00e4nger oder es kommt etwas dazwischen. So sind Sie flexibel und unabh\u00e4ngig.<\/p><p data-renderer-start-pos=\"619\">Eine Woche vor Anreise schicken wir Ihnen die Informationen mitsamt Code zu, sodass Sie ideal vorbereitet sind.<\/p>\t\t\t\t\t\t<\/div>\n\t\t\t\t<\/div>\n\t\t\t\t<\/div>\n\t\t\t\t<\/div>\n\t\t\t\t\t<\/div>\n\t\t\t\t<\/div>\n\t\t\t\t<\/div>\n\t\t","protected":false},"excerpt":{"rendered":"<p>Willkommen auf Sylt. Ihre unkomplizierte An- und Abreise Uns liegt es am Herzen Ihren Urlaubsstart so angenehm wie m\u00f6glich zu gestalten, deswegen verlaufen Check-In und Check-Out bei uns sehr unkompliziert. Sie haben mehrere M\u00f6glichkeiten Ihren Schl\u00fcssel zu erhalten: Entweder hinterlegen wir diesen im Sotheby\u2019s B\u00fcro im Schl\u00fcsselkasten oder direkt am Objekt. Somit garantieren wir Ihnen, [&hellip;]<\/p>\n","protected":false},"author":1,"featured_media":10053,"parent":4742,"menu_order":0,"comment_status":"closed","ping_status":"closed","template":"","meta":{"_acf_changed":false,"footnotes":""},"seitenart":[],"class_list":["post-5740","page","type-page","status-publish","has-post-thumbnail","hentry"],"acf":[],"yoast_head":"<!-- This site is optimized with the Yoast SEO plugin v25.4 - https:\/\/yoast.com\/wordpress\/plugins\/seo\/ -->\n<title>Check-In\/ Check-Out - Sotheby\u00b4s<\/title>\n<meta name=\"description\" content=\"Hier erfahren Sie alle Informationen \u00fcber Ihr Check-In und Ihr Check-Out. Wir w\u00fcnschen Ihnen einen wundersch\u00f6nen Urlaub.\" \/>\n<meta name=\"robots\" content=\"index, follow, max-snippet:-1, max-image-preview:large, max-video-preview:-1\" \/>\n<link rel=\"canonical\" href=\"https:\/\/urlaub.sylt-sothebysrealty.com\/de\/service\/check-in-check-out\/\" \/>\n<meta property=\"og:locale\" content=\"de_DE\" \/>\n<meta property=\"og:type\" content=\"article\" \/>\n<meta property=\"og:title\" content=\"Check-In\/ Check-Out - Sotheby\u00b4s\" \/>\n<meta property=\"og:description\" content=\"Hier erfahren Sie alle Informationen \u00fcber Ihr Check-In und Ihr Check-Out. Wir w\u00fcnschen Ihnen einen wundersch\u00f6nen Urlaub.\" \/>\n<meta property=\"og:url\" content=\"https:\/\/urlaub.sylt-sothebysrealty.com\/de\/service\/check-in-check-out\/\" \/>\n<meta property=\"og:site_name\" content=\"Sotheby\u00b4s\" \/>\n<meta property=\"article:modified_time\" content=\"2024-11-15T15:07:10+00:00\" \/>\n<meta property=\"og:image\" content=\"https:\/\/urlaub.sylt-sothebysrealty.com\/wp-content\/uploads\/2024\/11\/Check-In.jpg\" \/>\n\t<meta property=\"og:image:width\" content=\"1800\" \/>\n\t<meta property=\"og:image:height\" content=\"1200\" \/>\n\t<meta property=\"og:image:type\" content=\"image\/jpeg\" \/>\n<meta name=\"twitter:card\" content=\"summary_large_image\" \/>\n<meta name=\"twitter:label1\" content=\"Gesch\u00e4tzte Lesezeit\" \/>\n\t<meta name=\"twitter:data1\" content=\"1\u00a0Minute\" \/>\n<script type=\"application\/ld+json\" class=\"yoast-schema-graph\">{\"@context\":\"https:\/\/schema.org\",\"@graph\":[{\"@type\":\"WebPage\",\"@id\":\"https:\/\/urlaub.sylt-sothebysrealty.com\/de\/service\/check-in-check-out\/\",\"url\":\"https:\/\/urlaub.sylt-sothebysrealty.com\/de\/service\/check-in-check-out\/\",\"name\":\"Check-In\/ Check-Out - Sotheby\u00b4s\",\"isPartOf\":{\"@id\":\"https:\/\/urlaub.sylt-sothebysrealty.com\/de\/#website\"},\"primaryImageOfPage\":{\"@id\":\"https:\/\/urlaub.sylt-sothebysrealty.com\/de\/service\/check-in-check-out\/#primaryimage\"},\"image\":{\"@id\":\"https:\/\/urlaub.sylt-sothebysrealty.com\/de\/service\/check-in-check-out\/#primaryimage\"},\"thumbnailUrl\":\"https:\/\/urlaub.sylt-sothebysrealty.com\/wp-content\/uploads\/2024\/11\/Check-In.jpg\",\"datePublished\":\"2024-11-03T13:22:13+00:00\",\"dateModified\":\"2024-11-15T15:07:10+00:00\",\"description\":\"Hier erfahren Sie alle Informationen \u00fcber Ihr Check-In und Ihr Check-Out. Wir w\u00fcnschen Ihnen einen wundersch\u00f6nen Urlaub.\",\"breadcrumb\":{\"@id\":\"https:\/\/urlaub.sylt-sothebysrealty.com\/de\/service\/check-in-check-out\/#breadcrumb\"},\"inLanguage\":\"de\",\"potentialAction\":[{\"@type\":\"ReadAction\",\"target\":[\"https:\/\/urlaub.sylt-sothebysrealty.com\/de\/service\/check-in-check-out\/\"]}]},{\"@type\":\"ImageObject\",\"inLanguage\":\"de\",\"@id\":\"https:\/\/urlaub.sylt-sothebysrealty.com\/de\/service\/check-in-check-out\/#primaryimage\",\"url\":\"https:\/\/urlaub.sylt-sothebysrealty.com\/wp-content\/uploads\/2024\/11\/Check-In.jpg\",\"contentUrl\":\"https:\/\/urlaub.sylt-sothebysrealty.com\/wp-content\/uploads\/2024\/11\/Check-In.jpg\",\"width\":1800,\"height\":1200,\"caption\":\"Tisch mit St\u00fchlen in Ferienwohnung auf Sylt\"},{\"@type\":\"BreadcrumbList\",\"@id\":\"https:\/\/urlaub.sylt-sothebysrealty.com\/de\/service\/check-in-check-out\/#breadcrumb\",\"itemListElement\":[{\"@type\":\"ListItem\",\"position\":1,\"name\":\"Startseite\",\"item\":\"https:\/\/urlaub.sylt-sothebysrealty.com\/de\/\"},{\"@type\":\"ListItem\",\"position\":2,\"name\":\"Service\",\"item\":\"https:\/\/urlaub.sylt-sothebysrealty.com\/de\/service\/\"},{\"@type\":\"ListItem\",\"position\":3,\"name\":\"Check-In\/ Check-Out\"}]},{\"@type\":\"WebSite\",\"@id\":\"https:\/\/urlaub.sylt-sothebysrealty.com\/de\/#website\",\"url\":\"https:\/\/urlaub.sylt-sothebysrealty.com\/de\/\",\"name\":\"Sotheby\u00b4s\",\"description\":\"\",\"publisher\":{\"@id\":\"https:\/\/urlaub.sylt-sothebysrealty.com\/de\/#organization\"},\"potentialAction\":[{\"@type\":\"SearchAction\",\"target\":{\"@type\":\"EntryPoint\",\"urlTemplate\":\"https:\/\/urlaub.sylt-sothebysrealty.com\/de\/?s={search_term_string}\"},\"query-input\":{\"@type\":\"PropertyValueSpecification\",\"valueRequired\":true,\"valueName\":\"search_term_string\"}}],\"inLanguage\":\"de\"},{\"@type\":\"Organization\",\"@id\":\"https:\/\/urlaub.sylt-sothebysrealty.com\/de\/#organization\",\"name\":\"Sotheby\u00b4s\",\"url\":\"https:\/\/urlaub.sylt-sothebysrealty.com\/de\/\",\"logo\":{\"@type\":\"ImageObject\",\"inLanguage\":\"de\",\"@id\":\"https:\/\/urlaub.sylt-sothebysrealty.com\/de\/#\/schema\/logo\/image\/\",\"url\":\"https:\/\/urlaub.sylt-sothebysrealty.com\/wp-content\/uploads\/2024\/10\/Ebene_2-1.svg\",\"contentUrl\":\"https:\/\/urlaub.sylt-sothebysrealty.com\/wp-content\/uploads\/2024\/10\/Ebene_2-1.svg\",\"caption\":\"Sotheby\u00b4s\"},\"image\":{\"@id\":\"https:\/\/urlaub.sylt-sothebysrealty.com\/de\/#\/schema\/logo\/image\/\"}}]}<\/script>\n<!-- \/ Yoast SEO plugin. -->","yoast_head_json":{"title":"Check-In\/ Check-Out - Sotheby\u00b4s","description":"Hier erfahren Sie alle Informationen \u00fcber Ihr Check-In und Ihr Check-Out. Wir w\u00fcnschen Ihnen einen wundersch\u00f6nen Urlaub.","robots":{"index":"index","follow":"follow","max-snippet":"max-snippet:-1","max-image-preview":"max-image-preview:large","max-video-preview":"max-video-preview:-1"},"canonical":"https:\/\/urlaub.sylt-sothebysrealty.com\/de\/service\/check-in-check-out\/","og_locale":"de_DE","og_type":"article","og_title":"Check-In\/ Check-Out - Sotheby\u00b4s","og_description":"Hier erfahren Sie alle Informationen \u00fcber Ihr Check-In und Ihr Check-Out. Wir w\u00fcnschen Ihnen einen wundersch\u00f6nen Urlaub.","og_url":"https:\/\/urlaub.sylt-sothebysrealty.com\/de\/service\/check-in-check-out\/","og_site_name":"Sotheby\u00b4s","article_modified_time":"2024-11-15T15:07:10+00:00","og_image":[{"width":1800,"height":1200,"url":"https:\/\/urlaub.sylt-sothebysrealty.com\/wp-content\/uploads\/2024\/11\/Check-In.jpg","type":"image\/jpeg"}],"twitter_card":"summary_large_image","twitter_misc":{"Gesch\u00e4tzte Lesezeit":"1\u00a0Minute"},"schema":{"@context":"https:\/\/schema.org","@graph":[{"@type":"WebPage","@id":"https:\/\/urlaub.sylt-sothebysrealty.com\/de\/service\/check-in-check-out\/","url":"https:\/\/urlaub.sylt-sothebysrealty.com\/de\/service\/check-in-check-out\/","name":"Check-In\/ Check-Out - Sotheby\u00b4s","isPartOf":{"@id":"https:\/\/urlaub.sylt-sothebysrealty.com\/de\/#website"},"primaryImageOfPage":{"@id":"https:\/\/urlaub.sylt-sothebysrealty.com\/de\/service\/check-in-check-out\/#primaryimage"},"image":{"@id":"https:\/\/urlaub.sylt-sothebysrealty.com\/de\/service\/check-in-check-out\/#primaryimage"},"thumbnailUrl":"https:\/\/urlaub.sylt-sothebysrealty.com\/wp-content\/uploads\/2024\/11\/Check-In.jpg","datePublished":"2024-11-03T13:22:13+00:00","dateModified":"2024-11-15T15:07:10+00:00","description":"Hier erfahren Sie alle Informationen \u00fcber Ihr Check-In und Ihr Check-Out. Wir w\u00fcnschen Ihnen einen wundersch\u00f6nen Urlaub.","breadcrumb":{"@id":"https:\/\/urlaub.sylt-sothebysrealty.com\/de\/service\/check-in-check-out\/#breadcrumb"},"inLanguage":"de","potentialAction":[{"@type":"ReadAction","target":["https:\/\/urlaub.sylt-sothebysrealty.com\/de\/service\/check-in-check-out\/"]}]},{"@type":"ImageObject","inLanguage":"de","@id":"https:\/\/urlaub.sylt-sothebysrealty.com\/de\/service\/check-in-check-out\/#primaryimage","url":"https:\/\/urlaub.sylt-sothebysrealty.com\/wp-content\/uploads\/2024\/11\/Check-In.jpg","contentUrl":"https:\/\/urlaub.sylt-sothebysrealty.com\/wp-content\/uploads\/2024\/11\/Check-In.jpg","width":1800,"height":1200,"caption":"Tisch mit St\u00fchlen in Ferienwohnung auf Sylt"},{"@type":"BreadcrumbList","@id":"https:\/\/urlaub.sylt-sothebysrealty.com\/de\/service\/check-in-check-out\/#breadcrumb","itemListElement":[{"@type":"ListItem","position":1,"name":"Startseite","item":"https:\/\/urlaub.sylt-sothebysrealty.com\/de\/"},{"@type":"ListItem","position":2,"name":"Service","item":"https:\/\/urlaub.sylt-sothebysrealty.com\/de\/service\/"},{"@type":"ListItem","position":3,"name":"Check-In\/ Check-Out"}]},{"@type":"WebSite","@id":"https:\/\/urlaub.sylt-sothebysrealty.com\/de\/#website","url":"https:\/\/urlaub.sylt-sothebysrealty.com\/de\/","name":"Sotheby\u00b4s","description":"","publisher":{"@id":"https:\/\/urlaub.sylt-sothebysrealty.com\/de\/#organization"},"potentialAction":[{"@type":"SearchAction","target":{"@type":"EntryPoint","urlTemplate":"https:\/\/urlaub.sylt-sothebysrealty.com\/de\/?s={search_term_string}"},"query-input":{"@type":"PropertyValueSpecification","valueRequired":true,"valueName":"search_term_string"}}],"inLanguage":"de"},{"@type":"Organization","@id":"https:\/\/urlaub.sylt-sothebysrealty.com\/de\/#organization","name":"Sotheby\u00b4s","url":"https:\/\/urlaub.sylt-sothebysrealty.com\/de\/","logo":{"@type":"ImageObject","inLanguage":"de","@id":"https:\/\/urlaub.sylt-sothebysrealty.com\/de\/#\/schema\/logo\/image\/","url":"https:\/\/urlaub.sylt-sothebysrealty.com\/wp-content\/uploads\/2024\/10\/Ebene_2-1.svg","contentUrl":"https:\/\/urlaub.sylt-sothebysrealty.com\/wp-content\/uploads\/2024\/10\/Ebene_2-1.svg","caption":"Sotheby\u00b4s"},"image":{"@id":"https:\/\/urlaub.sylt-sothebysrealty.com\/de\/#\/schema\/logo\/image\/"}}]}},"_links":{"self":[{"href":"https:\/\/urlaub.sylt-sothebysrealty.com\/de\/wp-json\/wp\/v2\/pages\/5740"}],"collection":[{"href":"https:\/\/urlaub.sylt-sothebysrealty.com\/de\/wp-json\/wp\/v2\/pages"}],"about":[{"href":"https:\/\/urlaub.sylt-sothebysrealty.com\/de\/wp-json\/wp\/v2\/types\/page"}],"author":[{"embeddable":true,"href":"https:\/\/urlaub.sylt-sothebysrealty.com\/de\/wp-json\/wp\/v2\/users\/1"}],"replies":[{"embeddable":true,"href":"https:\/\/urlaub.sylt-sothebysrealty.com\/de\/wp-json\/wp\/v2\/comments?post=5740"}],"version-history":[{"count":30,"href":"https:\/\/urlaub.sylt-sothebysrealty.com\/de\/wp-json\/wp\/v2\/pages\/5740\/revisions"}],"predecessor-version":[{"id":9894,"href":"https:\/\/urlaub.sylt-sothebysrealty.com\/de\/wp-json\/wp\/v2\/pages\/5740\/revisions\/9894"}],"up":[{"embeddable":true,"href":"https:\/\/urlaub.sylt-sothebysrealty.com\/de\/wp-json\/wp\/v2\/pages\/4742"}],"wp:featuredmedia":[{"embeddable":true,"href":"https:\/\/urlaub.sylt-sothebysrealty.com\/de\/wp-json\/wp\/v2\/media\/10053"}],"wp:attachment":[{"href":"https:\/\/urlaub.sylt-sothebysrealty.com\/de\/wp-json\/wp\/v2\/media?parent=5740"}],"wp:term":[{"taxonomy":"seitenart","embeddable":true,"href":"https:\/\/urlaub.sylt-sothebysrealty.com\/de\/wp-json\/wp\/v2\/seitenart?post=5740"}],"curies":[{"name":"wp","href":"https:\/\/api.w.org\/{rel}","templated":true}]}}