{"id":5742,"date":"2024-11-03T14:22:30","date_gmt":"2024-11-03T13:22:30","guid":{"rendered":"https:\/\/urlaub.sylt-sothebysrealty.com\/?page_id=5742"},"modified":"2024-11-15T16:28:46","modified_gmt":"2024-11-15T15:28:46","slug":"gutscheine","status":"publish","type":"page","link":"https:\/\/urlaub.sylt-sothebysrealty.com\/de\/service\/gutscheine\/","title":{"rendered":"Gutscheine"},"content":{"rendered":"\t\t<div data-elementor-type=\"wp-page\" data-elementor-id=\"5742\" class=\"elementor elementor-5742\" data-elementor-post-type=\"page\">\n\t\t\t\t<div class=\"elementor-element elementor-element-23a7aa3 e-con-full e-flex e-con e-parent\" data-id=\"23a7aa3\" data-element_type=\"container\">\n\t\t\t\t<div class=\"elementor-element elementor-element-d74c521 elementor-widget elementor-widget-template\" data-id=\"d74c521\" data-element_type=\"widget\" data-widget_type=\"template.default\">\n\t\t\t\t<div class=\"elementor-widget-container\">\n\t\t\t\t\t<div class=\"elementor-template\">\n\t\t\t\t\t<div data-elementor-type=\"container\" data-elementor-id=\"7045\" class=\"elementor elementor-7045\" data-elementor-post-type=\"elementor_library\">\n\t\t\t\t<div class=\"elementor-element elementor-element-df63c4f e-con-full e-flex e-con e-parent\" data-id=\"df63c4f\" data-element_type=\"container\" data-settings=\"{&quot;background_background&quot;:&quot;classic&quot;}\">\n\t\t<div class=\"elementor-element elementor-element-8e4cf12 e-flex e-con-boxed e-con e-child\" data-id=\"8e4cf12\" data-element_type=\"container\">\n\t\t\t\t\t<div class=\"e-con-inner\">\n\t\t\t\t<div class=\"elementor-element elementor-element-58bd56e elementor-widget elementor-widget-heading\" data-id=\"58bd56e\" data-element_type=\"widget\" data-widget_type=\"heading.default\">\n\t\t\t\t<div class=\"elementor-widget-container\">\n\t\t\t<h1 class=\"elementor-heading-title elementor-size-default\">Gutscheine<\/h1>\t\t<\/div>\n\t\t\t\t<\/div>\n\t\t\t\t\t<\/div>\n\t\t\t\t<\/div>\n\t\t\t\t<\/div>\n\t\t\t\t<\/div>\n\t\t\t\t<\/div>\n\t\t\t\t<\/div>\n\t\t\t\t<\/div>\n\t\t\t\t<\/div>\n\t\t<div class=\"elementor-element elementor-element-9c735c2 e-flex e-con-boxed e-con e-parent\" data-id=\"9c735c2\" data-element_type=\"container\">\n\t\t\t\t\t<div class=\"e-con-inner\">\n\t\t<div class=\"elementor-element elementor-element-f208e70 e-con-full e-flex e-con e-child\" data-id=\"f208e70\" data-element_type=\"container\">\n\t\t\t\t<div class=\"elementor-element elementor-element-ca23b14 elementor-align-left elementor-widget elementor-widget-breadcrumbs\" data-id=\"ca23b14\" data-element_type=\"widget\" data-widget_type=\"breadcrumbs.default\">\n\t\t\t\t<div class=\"elementor-widget-container\">\n\t\t\t<p id=\"breadcrumbs\"><span><span><a href=\"https:\/\/urlaub.sylt-sothebysrealty.com\/de\/\">Startseite<\/a><\/span><\/span><\/p>\t\t<\/div>\n\t\t\t\t<\/div>\n\t\t\t\t<div class=\"elementor-element elementor-element-8074161 elementor-widget__width-initial elementor-widget elementor-widget-heading\" data-id=\"8074161\" data-element_type=\"widget\" data-widget_type=\"heading.default\">\n\t\t\t\t<div class=\"elementor-widget-container\">\n\t\t\t<h2 class=\"elementor-heading-title elementor-size-default\">Freude verschenken. \u00dcberraschungen mit Herz und Nordseegl\u00fcck.<\/h2>\t\t<\/div>\n\t\t\t\t<\/div>\n\t\t\t\t<\/div>\n\t\t\t\t\t<\/div>\n\t\t\t\t<\/div>\n\t\t<div class=\"elementor-element elementor-element-5bc71f7 e-flex e-con-boxed e-con e-parent\" data-id=\"5bc71f7\" data-element_type=\"container\">\n\t\t\t\t\t<div class=\"e-con-inner\">\n\t\t<div class=\"elementor-element elementor-element-80238fb e-con-full e-flex e-con e-child\" data-id=\"80238fb\" data-element_type=\"container\">\n\t\t\t\t<div class=\"elementor-element elementor-element-161fe59 elementor-widget elementor-widget-image\" data-id=\"161fe59\" data-element_type=\"widget\" data-widget_type=\"image.default\">\n\t\t\t\t<div class=\"elementor-widget-container\">\n\t\t\t\t\t\t\t\t\t\t\t\t\t<img fetchpriority=\"high\" decoding=\"async\" width=\"1799\" height=\"1200\" src=\"https:\/\/urlaub.sylt-sothebysrealty.com\/wp-content\/uploads\/2024\/11\/Newsletter.jpg\" class=\"attachment-large size-large wp-image-10061\" alt=\"Baby Robbe\" srcset=\"https:\/\/urlaub.sylt-sothebysrealty.com\/wp-content\/uploads\/2024\/11\/Newsletter.jpg 1799w, https:\/\/urlaub.sylt-sothebysrealty.com\/wp-content\/uploads\/2024\/11\/Newsletter-768x512.jpg 768w, https:\/\/urlaub.sylt-sothebysrealty.com\/wp-content\/uploads\/2024\/11\/Newsletter-1536x1025.jpg 1536w\" sizes=\"(max-width: 1799px) 100vw, 1799px\" \/>\t\t\t\t\t\t\t\t\t\t\t\t\t<\/div>\n\t\t\t\t<\/div>\n\t\t<div class=\"elementor-element elementor-element-52024d8 e-con-full e-flex e-con e-child\" data-id=\"52024d8\" data-element_type=\"container\">\n\t\t\t\t<div class=\"elementor-element elementor-element-bd5db5f elementor-widget elementor-widget-heading\" data-id=\"bd5db5f\" data-element_type=\"widget\" data-widget_type=\"heading.default\">\n\t\t\t\t<div class=\"elementor-widget-container\">\n\t\t\t<h3 class=\"elementor-heading-title elementor-size-default\">Verschenken Sie ein St\u00fcck Sylt<\/h3>\t\t<\/div>\n\t\t\t\t<\/div>\n\t\t\t\t<div class=\"elementor-element elementor-element-a24b549 elementor-widget elementor-widget-html\" data-id=\"a24b549\" data-element_type=\"widget\" data-widget_type=\"html.default\">\n\t\t\t\t<div class=\"elementor-widget-container\">\n\t\t\t<div class=\"horizontal-line-thin\"><\/div>\t\t<\/div>\n\t\t\t\t<\/div>\n\t\t\t\t<div class=\"elementor-element elementor-element-1718121 elementor-widget__width-initial elementor-widget elementor-widget-text-editor\" data-id=\"1718121\" data-element_type=\"widget\" data-widget_type=\"text-editor.default\">\n\t\t\t\t<div class=\"elementor-widget-container\">\n\t\t\t\t\t\t\t<p data-pm-slice=\"1 1 []\">Falls Sie auf der Suche nach dem passenden Geschenk oder einer Aufmerksamkeit f\u00fcr Ihre Liebsten, die Verwandten oder Freunde sein sollten, legen wir Ihnen unsere Sotheby\u2019s-Gutscheine mit Freude ans Herz. Diese k\u00f6nnen f\u00fcr einen gewissen Betrag oder auch ein bestimmtes Objekt ausgew\u00e4hlt werden. Sie m\u00f6chten mehr erfahren oder direkt einen Gutschein kaufen? \u00dcber unser Kontaktformular helfen wir Ihnen bei der passenden \u00dcberraschung.<\/p>\t\t\t\t\t\t<\/div>\n\t\t\t\t<\/div>\n\t\t\t\t<div class=\"elementor-element elementor-element-956df04 button-hover-effect elementor-widget elementor-widget-button\" data-id=\"956df04\" data-element_type=\"widget\" data-widget_type=\"button.default\">\n\t\t\t\t<div class=\"elementor-widget-container\">\n\t\t\t\t\t\t\t<div class=\"elementor-button-wrapper\">\n\t\t\t\t\t<a class=\"elementor-button elementor-button-link elementor-size-sm\" href=\"https:\/\/urlaub.sylt-sothebysrealty.com\/de\/kontakt\/\">\n\t\t\t\t\t\t<span class=\"elementor-button-content-wrapper\">\n\t\t\t\t\t\t<span class=\"elementor-button-icon\">\n\t\t\t\t<svg xmlns=\"http:\/\/www.w3.org\/2000\/svg\" id=\"arrow_forward_24dp_5F6368_FILL0_wght300_GRAD0_opsz24\" width=\"27.079\" height=\"13.069\" viewBox=\"0 0 27.079 13.069\"><path id=\"arrow_forward_24dp_5F6368_FILL0_wght300_GRAD0_opsz24-2\" data-name=\"arrow_forward_24dp_5F6368_FILL0_wght300_GRAD0_opsz24\" d=\"M194.409-772.812H170v-1.307h24.409l-5.294-4.963.994-.918,6.97,6.534-6.97,6.534-.994-.918Z\" transform=\"translate(-170 780)\" fill=\"#0a2245\"><\/path><\/svg>\t\t\t<\/span>\n\t\t\t\t\t\t\t\t\t<span class=\"elementor-button-text\">Kontaktieren Sie uns<\/span>\n\t\t\t\t\t<\/span>\n\t\t\t\t\t<\/a>\n\t\t\t\t<\/div>\n\t\t\t\t\t\t<\/div>\n\t\t\t\t<\/div>\n\t\t\t\t<\/div>\n\t\t\t\t<\/div>\n\t\t\t\t\t<\/div>\n\t\t\t\t<\/div>\n\t\t\t\t<\/div>\n\t\t","protected":false},"excerpt":{"rendered":"<p>Freude verschenken. \u00dcberraschungen mit Herz und Nordseegl\u00fcck. Verschenken Sie ein St\u00fcck Sylt Falls Sie auf der Suche nach dem passenden Geschenk oder einer Aufmerksamkeit f\u00fcr Ihre Liebsten, die Verwandten oder Freunde sein sollten, legen wir Ihnen unsere Sotheby\u2019s-Gutscheine mit Freude ans Herz. Diese k\u00f6nnen f\u00fcr einen gewissen Betrag oder auch ein bestimmtes Objekt ausgew\u00e4hlt werden. [&hellip;]<\/p>\n","protected":false},"author":1,"featured_media":10025,"parent":4742,"menu_order":0,"comment_status":"closed","ping_status":"closed","template":"","meta":{"_acf_changed":false,"footnotes":""},"seitenart":[],"class_list":["post-5742","page","type-page","status-publish","has-post-thumbnail","hentry"],"acf":[],"yoast_head":"<!-- This site is optimized with the Yoast SEO plugin v25.4 - https:\/\/yoast.com\/wordpress\/plugins\/seo\/ -->\n<title>Gutscheine - Sotheby\u00b4s<\/title>\n<meta name=\"description\" content=\"Entdecken Sie unsere Gutschein Angebote und machen Sie jemanden eine gro\u00dfe Freude. Bestellen Sie jetzt bei Sothebys.\" \/>\n<meta name=\"robots\" content=\"index, follow, max-snippet:-1, max-image-preview:large, max-video-preview:-1\" \/>\n<link rel=\"canonical\" href=\"https:\/\/urlaub.sylt-sothebysrealty.com\/de\/service\/gutscheine\/\" \/>\n<meta property=\"og:locale\" content=\"de_DE\" \/>\n<meta property=\"og:type\" content=\"article\" \/>\n<meta property=\"og:title\" content=\"Gutscheine - Sotheby\u00b4s\" \/>\n<meta property=\"og:description\" content=\"Entdecken Sie unsere Gutschein Angebote und machen Sie jemanden eine gro\u00dfe Freude. Bestellen Sie jetzt bei Sothebys.\" \/>\n<meta property=\"og:url\" content=\"https:\/\/urlaub.sylt-sothebysrealty.com\/de\/service\/gutscheine\/\" \/>\n<meta property=\"og:site_name\" content=\"Sotheby\u00b4s\" \/>\n<meta property=\"article:modified_time\" content=\"2024-11-15T15:28:46+00:00\" \/>\n<meta property=\"og:image\" content=\"https:\/\/urlaub.sylt-sothebysrealty.com\/wp-content\/uploads\/2024\/11\/Bestpreis.jpg\" \/>\n\t<meta property=\"og:image:width\" content=\"2158\" \/>\n\t<meta property=\"og:image:height\" content=\"1200\" \/>\n\t<meta property=\"og:image:type\" content=\"image\/jpeg\" \/>\n<meta name=\"twitter:card\" content=\"summary_large_image\" \/>\n<meta name=\"twitter:label1\" content=\"Gesch\u00e4tzte Lesezeit\" \/>\n\t<meta name=\"twitter:data1\" content=\"1\u00a0Minute\" \/>\n<script type=\"application\/ld+json\" class=\"yoast-schema-graph\">{\"@context\":\"https:\/\/schema.org\",\"@graph\":[{\"@type\":\"WebPage\",\"@id\":\"https:\/\/urlaub.sylt-sothebysrealty.com\/de\/service\/gutscheine\/\",\"url\":\"https:\/\/urlaub.sylt-sothebysrealty.com\/de\/service\/gutscheine\/\",\"name\":\"Gutscheine - Sotheby\u00b4s\",\"isPartOf\":{\"@id\":\"https:\/\/urlaub.sylt-sothebysrealty.com\/de\/#website\"},\"primaryImageOfPage\":{\"@id\":\"https:\/\/urlaub.sylt-sothebysrealty.com\/de\/service\/gutscheine\/#primaryimage\"},\"image\":{\"@id\":\"https:\/\/urlaub.sylt-sothebysrealty.com\/de\/service\/gutscheine\/#primaryimage\"},\"thumbnailUrl\":\"https:\/\/urlaub.sylt-sothebysrealty.com\/wp-content\/uploads\/2024\/11\/Bestpreis.jpg\",\"datePublished\":\"2024-11-03T13:22:30+00:00\",\"dateModified\":\"2024-11-15T15:28:46+00:00\",\"description\":\"Entdecken Sie unsere Gutschein Angebote und machen Sie jemanden eine gro\u00dfe Freude. Bestellen Sie jetzt bei Sothebys.\",\"breadcrumb\":{\"@id\":\"https:\/\/urlaub.sylt-sothebysrealty.com\/de\/service\/gutscheine\/#breadcrumb\"},\"inLanguage\":\"de\",\"potentialAction\":[{\"@type\":\"ReadAction\",\"target\":[\"https:\/\/urlaub.sylt-sothebysrealty.com\/de\/service\/gutscheine\/\"]}]},{\"@type\":\"ImageObject\",\"inLanguage\":\"de\",\"@id\":\"https:\/\/urlaub.sylt-sothebysrealty.com\/de\/service\/gutscheine\/#primaryimage\",\"url\":\"https:\/\/urlaub.sylt-sothebysrealty.com\/wp-content\/uploads\/2024\/11\/Bestpreis.jpg\",\"contentUrl\":\"https:\/\/urlaub.sylt-sothebysrealty.com\/wp-content\/uploads\/2024\/11\/Bestpreis.jpg\",\"width\":2158,\"height\":1200,\"caption\":\"Gl\u00fcckliche Familie\"},{\"@type\":\"BreadcrumbList\",\"@id\":\"https:\/\/urlaub.sylt-sothebysrealty.com\/de\/service\/gutscheine\/#breadcrumb\",\"itemListElement\":[{\"@type\":\"ListItem\",\"position\":1,\"name\":\"Startseite\",\"item\":\"https:\/\/urlaub.sylt-sothebysrealty.com\/de\/\"},{\"@type\":\"ListItem\",\"position\":2,\"name\":\"Service\",\"item\":\"https:\/\/urlaub.sylt-sothebysrealty.com\/de\/service\/\"},{\"@type\":\"ListItem\",\"position\":3,\"name\":\"Gutscheine\"}]},{\"@type\":\"WebSite\",\"@id\":\"https:\/\/urlaub.sylt-sothebysrealty.com\/de\/#website\",\"url\":\"https:\/\/urlaub.sylt-sothebysrealty.com\/de\/\",\"name\":\"Sotheby\u00b4s\",\"description\":\"\",\"publisher\":{\"@id\":\"https:\/\/urlaub.sylt-sothebysrealty.com\/de\/#organization\"},\"potentialAction\":[{\"@type\":\"SearchAction\",\"target\":{\"@type\":\"EntryPoint\",\"urlTemplate\":\"https:\/\/urlaub.sylt-sothebysrealty.com\/de\/?s={search_term_string}\"},\"query-input\":{\"@type\":\"PropertyValueSpecification\",\"valueRequired\":true,\"valueName\":\"search_term_string\"}}],\"inLanguage\":\"de\"},{\"@type\":\"Organization\",\"@id\":\"https:\/\/urlaub.sylt-sothebysrealty.com\/de\/#organization\",\"name\":\"Sotheby\u00b4s\",\"url\":\"https:\/\/urlaub.sylt-sothebysrealty.com\/de\/\",\"logo\":{\"@type\":\"ImageObject\",\"inLanguage\":\"de\",\"@id\":\"https:\/\/urlaub.sylt-sothebysrealty.com\/de\/#\/schema\/logo\/image\/\",\"url\":\"https:\/\/urlaub.sylt-sothebysrealty.com\/wp-content\/uploads\/2024\/10\/Ebene_2-1.svg\",\"contentUrl\":\"https:\/\/urlaub.sylt-sothebysrealty.com\/wp-content\/uploads\/2024\/10\/Ebene_2-1.svg\",\"caption\":\"Sotheby\u00b4s\"},\"image\":{\"@id\":\"https:\/\/urlaub.sylt-sothebysrealty.com\/de\/#\/schema\/logo\/image\/\"}}]}<\/script>\n<!-- \/ Yoast SEO plugin. -->","yoast_head_json":{"title":"Gutscheine - Sotheby\u00b4s","description":"Entdecken Sie unsere Gutschein Angebote und machen Sie jemanden eine gro\u00dfe Freude. Bestellen Sie jetzt bei Sothebys.","robots":{"index":"index","follow":"follow","max-snippet":"max-snippet:-1","max-image-preview":"max-image-preview:large","max-video-preview":"max-video-preview:-1"},"canonical":"https:\/\/urlaub.sylt-sothebysrealty.com\/de\/service\/gutscheine\/","og_locale":"de_DE","og_type":"article","og_title":"Gutscheine - Sotheby\u00b4s","og_description":"Entdecken Sie unsere Gutschein Angebote und machen Sie jemanden eine gro\u00dfe Freude. Bestellen Sie jetzt bei Sothebys.","og_url":"https:\/\/urlaub.sylt-sothebysrealty.com\/de\/service\/gutscheine\/","og_site_name":"Sotheby\u00b4s","article_modified_time":"2024-11-15T15:28:46+00:00","og_image":[{"width":2158,"height":1200,"url":"https:\/\/urlaub.sylt-sothebysrealty.com\/wp-content\/uploads\/2024\/11\/Bestpreis.jpg","type":"image\/jpeg"}],"twitter_card":"summary_large_image","twitter_misc":{"Gesch\u00e4tzte Lesezeit":"1\u00a0Minute"},"schema":{"@context":"https:\/\/schema.org","@graph":[{"@type":"WebPage","@id":"https:\/\/urlaub.sylt-sothebysrealty.com\/de\/service\/gutscheine\/","url":"https:\/\/urlaub.sylt-sothebysrealty.com\/de\/service\/gutscheine\/","name":"Gutscheine - Sotheby\u00b4s","isPartOf":{"@id":"https:\/\/urlaub.sylt-sothebysrealty.com\/de\/#website"},"primaryImageOfPage":{"@id":"https:\/\/urlaub.sylt-sothebysrealty.com\/de\/service\/gutscheine\/#primaryimage"},"image":{"@id":"https:\/\/urlaub.sylt-sothebysrealty.com\/de\/service\/gutscheine\/#primaryimage"},"thumbnailUrl":"https:\/\/urlaub.sylt-sothebysrealty.com\/wp-content\/uploads\/2024\/11\/Bestpreis.jpg","datePublished":"2024-11-03T13:22:30+00:00","dateModified":"2024-11-15T15:28:46+00:00","description":"Entdecken Sie unsere Gutschein Angebote und machen Sie jemanden eine gro\u00dfe Freude. Bestellen Sie jetzt bei Sothebys.","breadcrumb":{"@id":"https:\/\/urlaub.sylt-sothebysrealty.com\/de\/service\/gutscheine\/#breadcrumb"},"inLanguage":"de","potentialAction":[{"@type":"ReadAction","target":["https:\/\/urlaub.sylt-sothebysrealty.com\/de\/service\/gutscheine\/"]}]},{"@type":"ImageObject","inLanguage":"de","@id":"https:\/\/urlaub.sylt-sothebysrealty.com\/de\/service\/gutscheine\/#primaryimage","url":"https:\/\/urlaub.sylt-sothebysrealty.com\/wp-content\/uploads\/2024\/11\/Bestpreis.jpg","contentUrl":"https:\/\/urlaub.sylt-sothebysrealty.com\/wp-content\/uploads\/2024\/11\/Bestpreis.jpg","width":2158,"height":1200,"caption":"Gl\u00fcckliche Familie"},{"@type":"BreadcrumbList","@id":"https:\/\/urlaub.sylt-sothebysrealty.com\/de\/service\/gutscheine\/#breadcrumb","itemListElement":[{"@type":"ListItem","position":1,"name":"Startseite","item":"https:\/\/urlaub.sylt-sothebysrealty.com\/de\/"},{"@type":"ListItem","position":2,"name":"Service","item":"https:\/\/urlaub.sylt-sothebysrealty.com\/de\/service\/"},{"@type":"ListItem","position":3,"name":"Gutscheine"}]},{"@type":"WebSite","@id":"https:\/\/urlaub.sylt-sothebysrealty.com\/de\/#website","url":"https:\/\/urlaub.sylt-sothebysrealty.com\/de\/","name":"Sotheby\u00b4s","description":"","publisher":{"@id":"https:\/\/urlaub.sylt-sothebysrealty.com\/de\/#organization"},"potentialAction":[{"@type":"SearchAction","target":{"@type":"EntryPoint","urlTemplate":"https:\/\/urlaub.sylt-sothebysrealty.com\/de\/?s={search_term_string}"},"query-input":{"@type":"PropertyValueSpecification","valueRequired":true,"valueName":"search_term_string"}}],"inLanguage":"de"},{"@type":"Organization","@id":"https:\/\/urlaub.sylt-sothebysrealty.com\/de\/#organization","name":"Sotheby\u00b4s","url":"https:\/\/urlaub.sylt-sothebysrealty.com\/de\/","logo":{"@type":"ImageObject","inLanguage":"de","@id":"https:\/\/urlaub.sylt-sothebysrealty.com\/de\/#\/schema\/logo\/image\/","url":"https:\/\/urlaub.sylt-sothebysrealty.com\/wp-content\/uploads\/2024\/10\/Ebene_2-1.svg","contentUrl":"https:\/\/urlaub.sylt-sothebysrealty.com\/wp-content\/uploads\/2024\/10\/Ebene_2-1.svg","caption":"Sotheby\u00b4s"},"image":{"@id":"https:\/\/urlaub.sylt-sothebysrealty.com\/de\/#\/schema\/logo\/image\/"}}]}},"_links":{"self":[{"href":"https:\/\/urlaub.sylt-sothebysrealty.com\/de\/wp-json\/wp\/v2\/pages\/5742"}],"collection":[{"href":"https:\/\/urlaub.sylt-sothebysrealty.com\/de\/wp-json\/wp\/v2\/pages"}],"about":[{"href":"https:\/\/urlaub.sylt-sothebysrealty.com\/de\/wp-json\/wp\/v2\/types\/page"}],"author":[{"embeddable":true,"href":"https:\/\/urlaub.sylt-sothebysrealty.com\/de\/wp-json\/wp\/v2\/users\/1"}],"replies":[{"embeddable":true,"href":"https:\/\/urlaub.sylt-sothebysrealty.com\/de\/wp-json\/wp\/v2\/comments?post=5742"}],"version-history":[{"count":28,"href":"https:\/\/urlaub.sylt-sothebysrealty.com\/de\/wp-json\/wp\/v2\/pages\/5742\/revisions"}],"predecessor-version":[{"id":10075,"href":"https:\/\/urlaub.sylt-sothebysrealty.com\/de\/wp-json\/wp\/v2\/pages\/5742\/revisions\/10075"}],"up":[{"embeddable":true,"href":"https:\/\/urlaub.sylt-sothebysrealty.com\/de\/wp-json\/wp\/v2\/pages\/4742"}],"wp:featuredmedia":[{"embeddable":true,"href":"https:\/\/urlaub.sylt-sothebysrealty.com\/de\/wp-json\/wp\/v2\/media\/10025"}],"wp:attachment":[{"href":"https:\/\/urlaub.sylt-sothebysrealty.com\/de\/wp-json\/wp\/v2\/media?parent=5742"}],"wp:term":[{"taxonomy":"seitenart","embeddable":true,"href":"https:\/\/urlaub.sylt-sothebysrealty.com\/de\/wp-json\/wp\/v2\/seitenart?post=5742"}],"curies":[{"name":"wp","href":"https:\/\/api.w.org\/{rel}","templated":true}]}}