{"id":6362,"date":"2024-11-05T14:21:28","date_gmt":"2024-11-05T13:21:28","guid":{"rendered":"https:\/\/urlaub.sylt-sothebysrealty.com\/?page_id=6362"},"modified":"2024-11-11T15:03:25","modified_gmt":"2024-11-11T14:03:25","slug":"baderegeln","status":"publish","type":"page","link":"https:\/\/urlaub.sylt-sothebysrealty.com\/de\/service\/wissenswertes-fuer-ihren-urlaub\/baderegeln\/","title":{"rendered":"Baderegeln"},"content":{"rendered":"\t\t<div data-elementor-type=\"wp-page\" data-elementor-id=\"6362\" class=\"elementor elementor-6362\" data-elementor-post-type=\"page\">\n\t\t\t\t<div class=\"elementor-element elementor-element-3a404a08 e-con-full e-flex e-con e-parent\" data-id=\"3a404a08\" data-element_type=\"container\">\n\t\t\t\t<div class=\"elementor-element elementor-element-46c685ee elementor-widget elementor-widget-template\" data-id=\"46c685ee\" data-element_type=\"widget\" data-widget_type=\"template.default\">\n\t\t\t\t<div class=\"elementor-widget-container\">\n\t\t\t\t\t<div class=\"elementor-template\">\n\t\t\t\t\t<div data-elementor-type=\"container\" data-elementor-id=\"7045\" class=\"elementor elementor-7045\" data-elementor-post-type=\"elementor_library\">\n\t\t\t\t<div class=\"elementor-element elementor-element-df63c4f e-con-full e-flex e-con e-parent\" data-id=\"df63c4f\" data-element_type=\"container\" data-settings=\"{&quot;background_background&quot;:&quot;classic&quot;}\">\n\t\t<div class=\"elementor-element elementor-element-8e4cf12 e-flex e-con-boxed e-con e-child\" data-id=\"8e4cf12\" data-element_type=\"container\">\n\t\t\t\t\t<div class=\"e-con-inner\">\n\t\t\t\t<div class=\"elementor-element elementor-element-58bd56e elementor-widget elementor-widget-heading\" data-id=\"58bd56e\" data-element_type=\"widget\" data-widget_type=\"heading.default\">\n\t\t\t\t<div class=\"elementor-widget-container\">\n\t\t\t<h1 class=\"elementor-heading-title elementor-size-default\">Baderegeln<\/h1>\t\t<\/div>\n\t\t\t\t<\/div>\n\t\t\t\t\t<\/div>\n\t\t\t\t<\/div>\n\t\t\t\t<\/div>\n\t\t\t\t<\/div>\n\t\t\t\t<\/div>\n\t\t\t\t<\/div>\n\t\t\t\t<\/div>\n\t\t\t\t<\/div>\n\t\t<div class=\"elementor-element elementor-element-451e528c e-flex e-con-boxed e-con e-parent\" data-id=\"451e528c\" data-element_type=\"container\">\n\t\t\t\t\t<div class=\"e-con-inner\">\n\t\t<div class=\"elementor-element elementor-element-1ddaade e-con-full e-flex e-con e-child\" data-id=\"1ddaade\" data-element_type=\"container\">\n\t\t\t\t<div class=\"elementor-element elementor-element-1eb428 elementor-align-left elementor-widget elementor-widget-breadcrumbs\" data-id=\"1eb428\" data-element_type=\"widget\" data-widget_type=\"breadcrumbs.default\">\n\t\t\t\t<div class=\"elementor-widget-container\">\n\t\t\t<p id=\"breadcrumbs\"><span><span><a href=\"https:\/\/urlaub.sylt-sothebysrealty.com\/de\/\">Startseite<\/a><\/span><\/span><\/p>\t\t<\/div>\n\t\t\t\t<\/div>\n\t\t\t\t<div class=\"elementor-element elementor-element-44751318 elementor-widget elementor-widget-heading\" data-id=\"44751318\" data-element_type=\"widget\" data-widget_type=\"heading.default\">\n\t\t\t\t<div class=\"elementor-widget-container\">\n\t\t\t<h2 class=\"elementor-heading-title elementor-size-default\">Baderegeln<\/h2>\t\t<\/div>\n\t\t\t\t<\/div>\n\t\t\t\t<div class=\"elementor-element elementor-element-1beb1bc0 elementor-widget__width-initial elementor-widget-mobile__width-inherit elementor-widget elementor-widget-text-editor\" data-id=\"1beb1bc0\" data-element_type=\"widget\" data-widget_type=\"text-editor.default\">\n\t\t\t\t<div class=\"elementor-widget-container\">\n\t\t\t\t\t\t\t<p data-pm-slice=\"1 1 []\">Zum Sylt-Urlaub, insbesondere in den Sommermonaten, geh\u00f6rt der Sprung in die Nordsee zum Programm. Denn nichts ist so wohltuend erfrischend wie das Baden im Meer. Wichtig dabei ist es die aktuellen Bedingungen zu beachten. Wie gro\u00df sind die Wellen? Gibt es Str\u00f6mungen, Buhnen? Von Mai bis September sorgen die Rettungsschwimmer:innen an vielen Sylter Str\u00e4nden f\u00fcr Ihre Sicherheit und geben mithilfe von Flaggen und abgesteckten Badebereichen Hinweise, wo und ob es m\u00f6glich ist zu schwimmen.<\/p>\t\t\t\t\t\t<\/div>\n\t\t\t\t<\/div>\n\t\t\t\t<\/div>\n\t\t\t\t\t<\/div>\n\t\t\t\t<\/div>\n\t\t\t\t<\/div>\n\t\t","protected":false},"excerpt":{"rendered":"<p>Baderegeln Zum Sylt-Urlaub, insbesondere in den Sommermonaten, geh\u00f6rt der Sprung in die Nordsee zum Programm. Denn nichts ist so wohltuend erfrischend wie das Baden im Meer. Wichtig dabei ist es die aktuellen Bedingungen zu beachten. Wie gro\u00df sind die Wellen? Gibt es Str\u00f6mungen, Buhnen? Von Mai bis September sorgen die Rettungsschwimmer:innen an vielen Sylter Str\u00e4nden [&hellip;]<\/p>\n","protected":false},"author":1,"featured_media":0,"parent":6360,"menu_order":0,"comment_status":"closed","ping_status":"closed","template":"","meta":{"_acf_changed":false,"footnotes":""},"seitenart":[],"class_list":["post-6362","page","type-page","status-publish","hentry"],"acf":[],"yoast_head":"<!-- This site is optimized with the Yoast SEO plugin v25.4 - https:\/\/yoast.com\/wordpress\/plugins\/seo\/ -->\n<title>Baderegeln - Sotheby\u00b4s<\/title>\n<meta name=\"description\" content=\"Baderegeln: Erfahren Sie wichtige Sicherheitsrichtlinien und praktische Tipps f\u00fcr sicheres Schwimmen und Badevergn\u00fcgen.\" \/>\n<meta name=\"robots\" content=\"index, follow, max-snippet:-1, max-image-preview:large, max-video-preview:-1\" \/>\n<link rel=\"canonical\" href=\"https:\/\/urlaub.sylt-sothebysrealty.com\/de\/service\/wissenswertes-fuer-ihren-urlaub\/baderegeln\/\" \/>\n<meta property=\"og:locale\" content=\"de_DE\" \/>\n<meta property=\"og:type\" content=\"article\" \/>\n<meta property=\"og:title\" content=\"Baderegeln - Sotheby\u00b4s\" \/>\n<meta property=\"og:description\" content=\"Baderegeln: Erfahren Sie wichtige Sicherheitsrichtlinien und praktische Tipps f\u00fcr sicheres Schwimmen und Badevergn\u00fcgen.\" \/>\n<meta property=\"og:url\" content=\"https:\/\/urlaub.sylt-sothebysrealty.com\/de\/service\/wissenswertes-fuer-ihren-urlaub\/baderegeln\/\" \/>\n<meta property=\"og:site_name\" content=\"Sotheby\u00b4s\" \/>\n<meta property=\"article:modified_time\" content=\"2024-11-11T14:03:25+00:00\" \/>\n<meta name=\"twitter:card\" content=\"summary_large_image\" \/>\n<meta name=\"twitter:label1\" content=\"Gesch\u00e4tzte Lesezeit\" \/>\n\t<meta name=\"twitter:data1\" content=\"1\u00a0Minute\" \/>\n<script type=\"application\/ld+json\" class=\"yoast-schema-graph\">{\"@context\":\"https:\/\/schema.org\",\"@graph\":[{\"@type\":\"WebPage\",\"@id\":\"https:\/\/urlaub.sylt-sothebysrealty.com\/de\/service\/wissenswertes-fuer-ihren-urlaub\/baderegeln\/\",\"url\":\"https:\/\/urlaub.sylt-sothebysrealty.com\/de\/service\/wissenswertes-fuer-ihren-urlaub\/baderegeln\/\",\"name\":\"Baderegeln - Sotheby\u00b4s\",\"isPartOf\":{\"@id\":\"https:\/\/urlaub.sylt-sothebysrealty.com\/de\/#website\"},\"datePublished\":\"2024-11-05T13:21:28+00:00\",\"dateModified\":\"2024-11-11T14:03:25+00:00\",\"description\":\"Baderegeln: Erfahren Sie wichtige Sicherheitsrichtlinien und praktische Tipps f\u00fcr sicheres Schwimmen und Badevergn\u00fcgen.\",\"breadcrumb\":{\"@id\":\"https:\/\/urlaub.sylt-sothebysrealty.com\/de\/service\/wissenswertes-fuer-ihren-urlaub\/baderegeln\/#breadcrumb\"},\"inLanguage\":\"de\",\"potentialAction\":[{\"@type\":\"ReadAction\",\"target\":[\"https:\/\/urlaub.sylt-sothebysrealty.com\/de\/service\/wissenswertes-fuer-ihren-urlaub\/baderegeln\/\"]}]},{\"@type\":\"BreadcrumbList\",\"@id\":\"https:\/\/urlaub.sylt-sothebysrealty.com\/de\/service\/wissenswertes-fuer-ihren-urlaub\/baderegeln\/#breadcrumb\",\"itemListElement\":[{\"@type\":\"ListItem\",\"position\":1,\"name\":\"Startseite\",\"item\":\"https:\/\/urlaub.sylt-sothebysrealty.com\/de\/\"},{\"@type\":\"ListItem\",\"position\":2,\"name\":\"Service\",\"item\":\"https:\/\/urlaub.sylt-sothebysrealty.com\/de\/service\/\"},{\"@type\":\"ListItem\",\"position\":3,\"name\":\"Wissenswertes f\u00fcr Ihren Urlaub\",\"item\":\"https:\/\/urlaub.sylt-sothebysrealty.com\/de\/service\/wissenswertes-fuer-ihren-urlaub\/\"},{\"@type\":\"ListItem\",\"position\":4,\"name\":\"Baderegeln\"}]},{\"@type\":\"WebSite\",\"@id\":\"https:\/\/urlaub.sylt-sothebysrealty.com\/de\/#website\",\"url\":\"https:\/\/urlaub.sylt-sothebysrealty.com\/de\/\",\"name\":\"Sotheby\u00b4s\",\"description\":\"\",\"publisher\":{\"@id\":\"https:\/\/urlaub.sylt-sothebysrealty.com\/de\/#organization\"},\"potentialAction\":[{\"@type\":\"SearchAction\",\"target\":{\"@type\":\"EntryPoint\",\"urlTemplate\":\"https:\/\/urlaub.sylt-sothebysrealty.com\/de\/?s={search_term_string}\"},\"query-input\":{\"@type\":\"PropertyValueSpecification\",\"valueRequired\":true,\"valueName\":\"search_term_string\"}}],\"inLanguage\":\"de\"},{\"@type\":\"Organization\",\"@id\":\"https:\/\/urlaub.sylt-sothebysrealty.com\/de\/#organization\",\"name\":\"Sotheby\u00b4s\",\"url\":\"https:\/\/urlaub.sylt-sothebysrealty.com\/de\/\",\"logo\":{\"@type\":\"ImageObject\",\"inLanguage\":\"de\",\"@id\":\"https:\/\/urlaub.sylt-sothebysrealty.com\/de\/#\/schema\/logo\/image\/\",\"url\":\"https:\/\/urlaub.sylt-sothebysrealty.com\/wp-content\/uploads\/2024\/10\/Ebene_2-1.svg\",\"contentUrl\":\"https:\/\/urlaub.sylt-sothebysrealty.com\/wp-content\/uploads\/2024\/10\/Ebene_2-1.svg\",\"caption\":\"Sotheby\u00b4s\"},\"image\":{\"@id\":\"https:\/\/urlaub.sylt-sothebysrealty.com\/de\/#\/schema\/logo\/image\/\"}}]}<\/script>\n<!-- \/ Yoast SEO plugin. -->","yoast_head_json":{"title":"Baderegeln - Sotheby\u00b4s","description":"Baderegeln: Erfahren Sie wichtige Sicherheitsrichtlinien und praktische Tipps f\u00fcr sicheres Schwimmen und Badevergn\u00fcgen.","robots":{"index":"index","follow":"follow","max-snippet":"max-snippet:-1","max-image-preview":"max-image-preview:large","max-video-preview":"max-video-preview:-1"},"canonical":"https:\/\/urlaub.sylt-sothebysrealty.com\/de\/service\/wissenswertes-fuer-ihren-urlaub\/baderegeln\/","og_locale":"de_DE","og_type":"article","og_title":"Baderegeln - Sotheby\u00b4s","og_description":"Baderegeln: Erfahren Sie wichtige Sicherheitsrichtlinien und praktische Tipps f\u00fcr sicheres Schwimmen und Badevergn\u00fcgen.","og_url":"https:\/\/urlaub.sylt-sothebysrealty.com\/de\/service\/wissenswertes-fuer-ihren-urlaub\/baderegeln\/","og_site_name":"Sotheby\u00b4s","article_modified_time":"2024-11-11T14:03:25+00:00","twitter_card":"summary_large_image","twitter_misc":{"Gesch\u00e4tzte Lesezeit":"1\u00a0Minute"},"schema":{"@context":"https:\/\/schema.org","@graph":[{"@type":"WebPage","@id":"https:\/\/urlaub.sylt-sothebysrealty.com\/de\/service\/wissenswertes-fuer-ihren-urlaub\/baderegeln\/","url":"https:\/\/urlaub.sylt-sothebysrealty.com\/de\/service\/wissenswertes-fuer-ihren-urlaub\/baderegeln\/","name":"Baderegeln - Sotheby\u00b4s","isPartOf":{"@id":"https:\/\/urlaub.sylt-sothebysrealty.com\/de\/#website"},"datePublished":"2024-11-05T13:21:28+00:00","dateModified":"2024-11-11T14:03:25+00:00","description":"Baderegeln: Erfahren Sie wichtige Sicherheitsrichtlinien und praktische Tipps f\u00fcr sicheres Schwimmen und Badevergn\u00fcgen.","breadcrumb":{"@id":"https:\/\/urlaub.sylt-sothebysrealty.com\/de\/service\/wissenswertes-fuer-ihren-urlaub\/baderegeln\/#breadcrumb"},"inLanguage":"de","potentialAction":[{"@type":"ReadAction","target":["https:\/\/urlaub.sylt-sothebysrealty.com\/de\/service\/wissenswertes-fuer-ihren-urlaub\/baderegeln\/"]}]},{"@type":"BreadcrumbList","@id":"https:\/\/urlaub.sylt-sothebysrealty.com\/de\/service\/wissenswertes-fuer-ihren-urlaub\/baderegeln\/#breadcrumb","itemListElement":[{"@type":"ListItem","position":1,"name":"Startseite","item":"https:\/\/urlaub.sylt-sothebysrealty.com\/de\/"},{"@type":"ListItem","position":2,"name":"Service","item":"https:\/\/urlaub.sylt-sothebysrealty.com\/de\/service\/"},{"@type":"ListItem","position":3,"name":"Wissenswertes f\u00fcr Ihren Urlaub","item":"https:\/\/urlaub.sylt-sothebysrealty.com\/de\/service\/wissenswertes-fuer-ihren-urlaub\/"},{"@type":"ListItem","position":4,"name":"Baderegeln"}]},{"@type":"WebSite","@id":"https:\/\/urlaub.sylt-sothebysrealty.com\/de\/#website","url":"https:\/\/urlaub.sylt-sothebysrealty.com\/de\/","name":"Sotheby\u00b4s","description":"","publisher":{"@id":"https:\/\/urlaub.sylt-sothebysrealty.com\/de\/#organization"},"potentialAction":[{"@type":"SearchAction","target":{"@type":"EntryPoint","urlTemplate":"https:\/\/urlaub.sylt-sothebysrealty.com\/de\/?s={search_term_string}"},"query-input":{"@type":"PropertyValueSpecification","valueRequired":true,"valueName":"search_term_string"}}],"inLanguage":"de"},{"@type":"Organization","@id":"https:\/\/urlaub.sylt-sothebysrealty.com\/de\/#organization","name":"Sotheby\u00b4s","url":"https:\/\/urlaub.sylt-sothebysrealty.com\/de\/","logo":{"@type":"ImageObject","inLanguage":"de","@id":"https:\/\/urlaub.sylt-sothebysrealty.com\/de\/#\/schema\/logo\/image\/","url":"https:\/\/urlaub.sylt-sothebysrealty.com\/wp-content\/uploads\/2024\/10\/Ebene_2-1.svg","contentUrl":"https:\/\/urlaub.sylt-sothebysrealty.com\/wp-content\/uploads\/2024\/10\/Ebene_2-1.svg","caption":"Sotheby\u00b4s"},"image":{"@id":"https:\/\/urlaub.sylt-sothebysrealty.com\/de\/#\/schema\/logo\/image\/"}}]}},"_links":{"self":[{"href":"https:\/\/urlaub.sylt-sothebysrealty.com\/de\/wp-json\/wp\/v2\/pages\/6362"}],"collection":[{"href":"https:\/\/urlaub.sylt-sothebysrealty.com\/de\/wp-json\/wp\/v2\/pages"}],"about":[{"href":"https:\/\/urlaub.sylt-sothebysrealty.com\/de\/wp-json\/wp\/v2\/types\/page"}],"author":[{"embeddable":true,"href":"https:\/\/urlaub.sylt-sothebysrealty.com\/de\/wp-json\/wp\/v2\/users\/1"}],"replies":[{"embeddable":true,"href":"https:\/\/urlaub.sylt-sothebysrealty.com\/de\/wp-json\/wp\/v2\/comments?post=6362"}],"version-history":[{"count":4,"href":"https:\/\/urlaub.sylt-sothebysrealty.com\/de\/wp-json\/wp\/v2\/pages\/6362\/revisions"}],"predecessor-version":[{"id":8035,"href":"https:\/\/urlaub.sylt-sothebysrealty.com\/de\/wp-json\/wp\/v2\/pages\/6362\/revisions\/8035"}],"up":[{"embeddable":true,"href":"https:\/\/urlaub.sylt-sothebysrealty.com\/de\/wp-json\/wp\/v2\/pages\/6360"}],"wp:attachment":[{"href":"https:\/\/urlaub.sylt-sothebysrealty.com\/de\/wp-json\/wp\/v2\/media?parent=6362"}],"wp:term":[{"taxonomy":"seitenart","embeddable":true,"href":"https:\/\/urlaub.sylt-sothebysrealty.com\/de\/wp-json\/wp\/v2\/seitenart?post=6362"}],"curies":[{"name":"wp","href":"https:\/\/api.w.org\/{rel}","templated":true}]}}